{"id":2636,"date":"2023-07-18T20:48:52","date_gmt":"2023-07-18T18:48:52","guid":{"rendered":"https:\/\/detektyw.pl\/?page_id=2636"},"modified":"2023-07-18T20:59:14","modified_gmt":"2023-07-18T18:59:14","slug":"komunikaty","status":"publish","type":"page","link":"https:\/\/detektyw.pl\/index.php\/komunikaty\/","title":{"rendered":"Komunikaty"},"content":{"rendered":"\t\t<div data-elementor-type=\"wp-page\" data-elementor-id=\"2636\" class=\"elementor elementor-2636\" data-elementor-post-type=\"page\">\n\t\t\t\t\t\t<section class=\"elementor-section elementor-top-section elementor-element elementor-element-5796df5c elementor-section-boxed elementor-section-height-default elementor-section-height-default\" data-id=\"5796df5c\" data-element_type=\"section\" data-e-type=\"section\">\n\t\t\t\t\t\t<div class=\"elementor-container elementor-column-gap-default\">\n\t\t\t\t\t<div class=\"elementor-column elementor-col-100 elementor-top-column elementor-element elementor-element-56c7509f\" data-id=\"56c7509f\" data-element_type=\"column\" data-e-type=\"column\">\n\t\t\t<div class=\"elementor-widget-wrap\">\n\t\t\t\t\t\t\t<\/div>\n\t\t<\/div>\n\t\t\t\t\t<\/div>\n\t\t<\/section>\n\t\t\t\t<section class=\"elementor-section elementor-top-section elementor-element elementor-element-3dec009e elementor-section-boxed elementor-section-height-default elementor-section-height-default\" data-id=\"3dec009e\" data-element_type=\"section\" data-e-type=\"section\">\n\t\t\t\t\t\t<div class=\"elementor-container elementor-column-gap-default\">\n\t\t\t\t\t<div class=\"elementor-column elementor-col-100 elementor-top-column elementor-element elementor-element-fb03de0\" data-id=\"fb03de0\" data-element_type=\"column\" data-e-type=\"column\">\n\t\t\t<div class=\"elementor-widget-wrap elementor-element-populated\">\n\t\t\t\t\t\t<div class=\"elementor-element elementor-element-21af9c3 elementor-widget elementor-widget-heading\" data-id=\"21af9c3\" data-element_type=\"widget\" data-e-type=\"widget\" data-widget_type=\"heading.default\">\n\t\t\t\t<div class=\"elementor-widget-container\">\n\t\t\t\t\t<h1 class=\"elementor-heading-title elementor-size-default\">Komunikaty<\/h1>\t\t\t\t<\/div>\n\t\t\t\t<\/div>\n\t\t\t\t\t<\/div>\n\t\t<\/div>\n\t\t\t\t\t<\/div>\n\t\t<\/section>\n\t\t\t\t<section class=\"elementor-section elementor-top-section elementor-element elementor-element-4322273e elementor-section-boxed elementor-section-height-default elementor-section-height-default\" data-id=\"4322273e\" data-element_type=\"section\" data-e-type=\"section\">\n\t\t\t\t\t\t<div class=\"elementor-container elementor-column-gap-default\">\n\t\t\t\t\t<div class=\"elementor-column elementor-col-100 elementor-top-column elementor-element elementor-element-13979452\" data-id=\"13979452\" data-element_type=\"column\" data-e-type=\"column\">\n\t\t\t<div class=\"elementor-widget-wrap elementor-element-populated\">\n\t\t\t\t\t\t<div class=\"elementor-element elementor-element-c7a4798 elementor-widget elementor-widget-posts\" data-id=\"c7a4798\" data-element_type=\"widget\" data-e-type=\"widget\" data-settings=\"{&quot;full_content_row_gap&quot;:{&quot;unit&quot;:&quot;px&quot;,&quot;size&quot;:35,&quot;sizes&quot;:[]}}\" data-widget_type=\"posts.full_content\">\n\t\t\t\t<div class=\"elementor-widget-container\">\n\t\t\t\t\t\t\t<div class=\"elementor-posts-container elementor-posts elementor-posts--skin-full_content elementor-grid\">\n\t\t\t\t<article class=\"elementor-post elementor-grid-item post-2660 post type-post status-publish format-standard hentry category-business\">\n\t\t\t\t<div class=\"elementor-post__text\">\n\t\t\t\t<h3 class=\"elementor-post__title\">\n\t\t\t<a href=\"https:\/\/detektyw.pl\/index.php\/2023\/09\/28\/szkolenie-procedury-bezpieczenstwa\/\" >\n\t\t\t\tSZKOLENIE &#8211; PROCEDURY BEZPIECZE\u0143STWA\t\t\t<\/a>\n\t\t<\/h3>\n\t\t\t\t<div class=\"elementor-post__meta-data\">\n\t\t\t\t\t<span class=\"elementor-post-date\">\n\t\t\t28 wrze\u015bnia 2023\t\t<\/span>\n\t\t\t\t<\/div>\n\t\t\n<p>Szkolenie przeznaczone dla pracownik\u00f3w jednostek u\u017cyteczno\u015bci publicznej, pracownik\u00f3w plac\u00f3wek o\u015bwiatowych , dyrektor\u00f3w, prezes\u00f3w. Przedstawia zasady post\u0119powania w przypadku wyst\u0105pienia zdarze\u0144 o charakterze terrorystycznym.<\/p>\n\n\n\n<p>Tematyka szkolenia:<\/p>\n\n\n\n<ol class=\"wp-block-list\">\n<li>Zagro\u017cenia terrorystyczne<\/li>\n\n\n\n<li>Zarz\u0105dzanie stresem<\/li>\n\n\n\n<li>Strach jako sygna\u0142 o zagro\u017ceniu<\/li>\n<\/ol>\n\n\n\n<p>Cena szkolenia ustalana w zale\u017cno\u015bci od liczby zg\u0142aszanych os\u00f3b <\/p>\n\n\n\n<p>Zg\u0142oszenia przyjmujemy mailowo na adres kontakt@detektyw.pl <\/p>\n\t\t<\/div>\n\t\t\t\t<\/article>\n\t\t\t\t<article class=\"elementor-post elementor-grid-item post-2657 post type-post status-publish format-standard hentry category-business\">\n\t\t\t\t<div class=\"elementor-post__text\">\n\t\t\t\t<h3 class=\"elementor-post__title\">\n\t\t\t<a href=\"https:\/\/detektyw.pl\/index.php\/2023\/09\/28\/szkolenie-niezbedne-do-uzyskania-licencji-detektywa\/\" >\n\t\t\t\tSZKOLENIE NIEZB\u0118DNE DO UZYSKANIA LICENCJI DETEKTYWA\t\t\t<\/a>\n\t\t<\/h3>\n\t\t\t\t<div class=\"elementor-post__meta-data\">\n\t\t\t\t\t<span class=\"elementor-post-date\">\n\t\t\t28 wrze\u015bnia 2023\t\t<\/span>\n\t\t\t\t<\/div>\n\t\t\n<p>TERMIN SZKOLENIA  4-5 listopad , 18-19 listopad , 25-26 listopad <\/p>\n\n\n\n<p>TEMATYKA SZKOLENIA<\/p>\n\n\n\n<ol class=\"wp-block-list\">\n<li>Ochrona danych osobowych<\/li>\n\n\n\n<li>Ochrona informacji niejawnych<\/li>\n\n\n\n<li>Przepisy reguluj\u0105ce prawa i obowi\u0105zki detektywa<\/li>\n\n\n\n<li>Przepisy reguluj\u0105ce zasady wykonywania dzia\u0142alno\u015bci gospodarczej w zakresie us\u0142ug detektywistycznych <\/li>\n<\/ol>\n\n\n\n<p>Dodatkowo dla ch\u0119tnych jeden dzie\u0144 nauki w terenie cena &#8211;  720 z\u0142 ( dodatek do szkolenia na licencj\u0119)<\/p>\n\n\n\n<p>W ostatnim dniu szkolenia wype\u0142niamy dokumenty , mo\u017cliwo\u015b\u0107 podj\u0119cia badania psychologicznego, psychiatrycznego &#8211; badania s\u0105 p\u0142atne dodatkowo<\/p>\n\n\n\n<p>Cena szkolenia 1750 z\u0142 netto dla jednej osoby<\/p>\n\n\n\n<p>Grupy 10 % rabat <\/p>\n\n\n\n<p>Miejsce szkolenia &#8211; Warszawa<\/p>\n\n\n\n<p>Zg\u0142oszenia uczestnik\u00f3w przyjmowane s\u0105 drog\u0105 mailow\u0105 na adres kontakt@detektyw.pl<\/p>\n\n\n\n<p><\/p>\n\t\t<\/div>\n\t\t\t\t<\/article>\n\t\t\t\t<article class=\"elementor-post elementor-grid-item post-2643 post type-post status-publish format-standard hentry category-business\">\n\t\t\t\t<div class=\"elementor-post__text\">\n\t\t\t\t<h3 class=\"elementor-post__title\">\n\t\t\t<a href=\"https:\/\/detektyw.pl\/index.php\/2023\/07\/18\/pierwszy-wpis\/\" >\n\t\t\t\tPierwszy wpis\t\t\t<\/a>\n\t\t<\/h3>\n\t\t\t\t<div class=\"elementor-post__meta-data\">\n\t\t\t\t\t<span class=\"elementor-post-date\">\n\t\t\t18 lipca 2023\t\t<\/span>\n\t\t\t\t<\/div>\n\t\t\n<p>Tre\u015b\u0107 wpisu<\/p>\n\t\t<\/div>\n\t\t\t\t<\/article>\n\t\t\t\t<\/div>\n\t\t\n\t\t\t\t\t\t<\/div>\n\t\t\t\t<\/div>\n\t\t\t\t\t<\/div>\n\t\t<\/div>\n\t\t\t\t\t<\/div>\n\t\t<\/section>\n\t\t\t\t<section class=\"elementor-section elementor-top-section elementor-element elementor-element-217bae83 elementor-section-boxed elementor-section-height-default elementor-section-height-default\" data-id=\"217bae83\" data-element_type=\"section\" data-e-type=\"section\" data-settings=\"{&quot;background_background&quot;:&quot;classic&quot;,&quot;shape_divider_top&quot;:&quot;tilt&quot;,&quot;shape_divider_bottom&quot;:&quot;tilt&quot;}\">\n\t\t\t\t\t<div class=\"elementor-shape elementor-shape-top\" aria-hidden=\"true\" data-negative=\"false\">\n\t\t\t<svg xmlns=\"http:\/\/www.w3.org\/2000\/svg\" viewBox=\"0 0 1000 100\" preserveAspectRatio=\"none\">\n\t<path class=\"elementor-shape-fill\" d=\"M0,6V0h1000v100L0,6z\"\/>\n<\/svg>\t\t<\/div>\n\t\t\t\t<div class=\"elementor-shape elementor-shape-bottom\" aria-hidden=\"true\" data-negative=\"false\">\n\t\t\t<svg xmlns=\"http:\/\/www.w3.org\/2000\/svg\" viewBox=\"0 0 1000 100\" preserveAspectRatio=\"none\">\n\t<path class=\"elementor-shape-fill\" d=\"M0,6V0h1000v100L0,6z\"\/>\n<\/svg>\t\t<\/div>\n\t\t\t\t\t<div class=\"elementor-container elementor-column-gap-default\">\n\t\t\t\t\t<div class=\"elementor-column elementor-col-100 elementor-top-column elementor-element elementor-element-1a80a22d\" data-id=\"1a80a22d\" data-element_type=\"column\" data-e-type=\"column\">\n\t\t\t<div class=\"elementor-widget-wrap elementor-element-populated\">\n\t\t\t\t\t\t<section class=\"elementor-section elementor-inner-section elementor-element elementor-element-1e419fc0 elementor-section-boxed elementor-section-height-default elementor-section-height-default\" data-id=\"1e419fc0\" data-element_type=\"section\" data-e-type=\"section\" data-settings=\"{&quot;background_background&quot;:&quot;classic&quot;}\">\n\t\t\t\t\t\t<div class=\"elementor-container elementor-column-gap-default\">\n\t\t\t\t\t<div class=\"elementor-column elementor-col-33 elementor-inner-column elementor-element elementor-element-53763ef3\" data-id=\"53763ef3\" data-element_type=\"column\" data-e-type=\"column\">\n\t\t\t<div class=\"elementor-widget-wrap elementor-element-populated\">\n\t\t\t\t\t\t<div class=\"elementor-element elementor-element-4d4e350 elementor-view-stacked elementor-shape-circle elementor-position-block-start elementor-mobile-position-block-start elementor-widget elementor-widget-icon-box\" data-id=\"4d4e350\" data-element_type=\"widget\" data-e-type=\"widget\" data-widget_type=\"icon-box.default\">\n\t\t\t\t<div class=\"elementor-widget-container\">\n\t\t\t\t\t\t\t<div class=\"elementor-icon-box-wrapper\">\n\n\t\t\t\t\t\t<div class=\"elementor-icon-box-icon\">\n\t\t\t\t<span  class=\"elementor-icon\">\n\t\t\t\t<i aria-hidden=\"true\" class=\"far fa-bell\"><\/i>\t\t\t\t<\/span>\n\t\t\t<\/div>\n\t\t\t\n\t\t\t\t\t\t<div class=\"elementor-icon-box-content\">\n\n\t\t\t\t\t\t\t\t\t<h4 class=\"elementor-icon-box-title\">\n\t\t\t\t\t\t<span  >\n\t\t\t\t\t\t\tNie zwlekaj\t\t\t\t\t\t<\/span>\n\t\t\t\t\t<\/h4>\n\t\t\t\t\n\t\t\t\t\t\t\t\t\t<p class=\"elementor-icon-box-description\">\n\t\t\t\t\t\tczas ucieka \t\t\t\t\t<\/p>\n\t\t\t\t\n\t\t\t<\/div>\n\t\t\t\n\t\t<\/div>\n\t\t\t\t\t\t<\/div>\n\t\t\t\t<\/div>\n\t\t\t\t\t<\/div>\n\t\t<\/div>\n\t\t\t\t<div class=\"elementor-column elementor-col-33 elementor-inner-column elementor-element elementor-element-2864021c\" data-id=\"2864021c\" data-element_type=\"column\" data-e-type=\"column\">\n\t\t\t<div class=\"elementor-widget-wrap elementor-element-populated\">\n\t\t\t\t\t\t<div class=\"elementor-element elementor-element-77a42c24 elementor-view-stacked elementor-shape-circle elementor-position-block-start elementor-mobile-position-block-start elementor-widget elementor-widget-icon-box\" data-id=\"77a42c24\" data-element_type=\"widget\" data-e-type=\"widget\" data-widget_type=\"icon-box.default\">\n\t\t\t\t<div class=\"elementor-widget-container\">\n\t\t\t\t\t\t\t<div class=\"elementor-icon-box-wrapper\">\n\n\t\t\t\t\t\t<div class=\"elementor-icon-box-icon\">\n\t\t\t\t<span  class=\"elementor-icon\">\n\t\t\t\t<i aria-hidden=\"true\" class=\"far fa-newspaper\"><\/i>\t\t\t\t<\/span>\n\t\t\t<\/div>\n\t\t\t\n\t\t\t\t\t\t<div class=\"elementor-icon-box-content\">\n\n\t\t\t\t\t\t\t\t\t<h4 class=\"elementor-icon-box-title\">\n\t\t\t\t\t\t<span  >\n\t\t\t\t\t\t\tInformacja\t\t\t\t\t\t<\/span>\n\t\t\t\t\t<\/h4>\n\t\t\t\t\n\t\t\t\t\t\t\t\t\t<p class=\"elementor-icon-box-description\">\n\t\t\t\t\t\tzachowaj wszelkie informacje\t\t\t\t\t<\/p>\n\t\t\t\t\n\t\t\t<\/div>\n\t\t\t\n\t\t<\/div>\n\t\t\t\t\t\t<\/div>\n\t\t\t\t<\/div>\n\t\t\t\t\t<\/div>\n\t\t<\/div>\n\t\t\t\t<div class=\"elementor-column elementor-col-33 elementor-inner-column elementor-element elementor-element-41524c80\" data-id=\"41524c80\" data-element_type=\"column\" data-e-type=\"column\">\n\t\t\t<div class=\"elementor-widget-wrap elementor-element-populated\">\n\t\t\t\t\t\t<div class=\"elementor-element elementor-element-476ba6d3 elementor-view-stacked elementor-shape-circle elementor-position-block-start elementor-mobile-position-block-start elementor-widget elementor-widget-icon-box\" data-id=\"476ba6d3\" data-element_type=\"widget\" data-e-type=\"widget\" data-widget_type=\"icon-box.default\">\n\t\t\t\t<div class=\"elementor-widget-container\">\n\t\t\t\t\t\t\t<div class=\"elementor-icon-box-wrapper\">\n\n\t\t\t\t\t\t<div class=\"elementor-icon-box-icon\">\n\t\t\t\t<span  class=\"elementor-icon\">\n\t\t\t\t<i aria-hidden=\"true\" class=\"far fa-money-bill-alt\"><\/i>\t\t\t\t<\/span>\n\t\t\t<\/div>\n\t\t\t\n\t\t\t\t\t\t<div class=\"elementor-icon-box-content\">\n\n\t\t\t\t\t\t\t\t\t<h4 class=\"elementor-icon-box-title\">\n\t\t\t\t\t\t<span  >\n\t\t\t\t\t\t\tOszczedzaj\t\t\t\t\t\t<\/span>\n\t\t\t\t\t<\/h4>\n\t\t\t\t\n\t\t\t\t\t\t\t\t\t<p class=\"elementor-icon-box-description\">\n\t\t\t\t\t\tczas o pieni\u0105dze\t\t\t\t\t<\/p>\n\t\t\t\t\n\t\t\t<\/div>\n\t\t\t\n\t\t<\/div>\n\t\t\t\t\t\t<\/div>\n\t\t\t\t<\/div>\n\t\t\t\t\t<\/div>\n\t\t<\/div>\n\t\t\t\t\t<\/div>\n\t\t<\/section>\n\t\t\t\t\t<\/div>\n\t\t<\/div>\n\t\t\t\t\t<\/div>\n\t\t<\/section>\n\t\t\t\t<section class=\"elementor-section elementor-top-section elementor-element elementor-element-51be79d8 elementor-section-boxed elementor-section-height-default elementor-section-height-default\" data-id=\"51be79d8\" data-element_type=\"section\" data-e-type=\"section\" data-settings=\"{&quot;background_background&quot;:&quot;classic&quot;,&quot;shape_divider_top&quot;:&quot;tilt&quot;}\">\n\t\t\t\t\t<div class=\"elementor-shape elementor-shape-top\" aria-hidden=\"true\" data-negative=\"false\">\n\t\t\t<svg xmlns=\"http:\/\/www.w3.org\/2000\/svg\" viewBox=\"0 0 1000 100\" preserveAspectRatio=\"none\">\n\t<path class=\"elementor-shape-fill\" d=\"M0,6V0h1000v100L0,6z\"\/>\n<\/svg>\t\t<\/div>\n\t\t\t\t\t<div class=\"elementor-container elementor-column-gap-default\">\n\t\t\t\t\t<div class=\"elementor-column elementor-col-100 elementor-top-column elementor-element elementor-element-71d0bcd1\" data-id=\"71d0bcd1\" data-element_type=\"column\" data-e-type=\"column\">\n\t\t\t<div class=\"elementor-widget-wrap elementor-element-populated\">\n\t\t\t\t\t\t<div class=\"elementor-element elementor-element-4189c107 elementor-widget elementor-widget-heading\" data-id=\"4189c107\" data-element_type=\"widget\" data-e-type=\"widget\" data-widget_type=\"heading.default\">\n\t\t\t\t<div class=\"elementor-widget-container\">\n\t\t\t\t\t<h2 class=\"elementor-heading-title elementor-size-default\">Najwa\u017cniejszy dla nas jest klient<\/h2>\t\t\t\t<\/div>\n\t\t\t\t<\/div>\n\t\t\t\t<div class=\"elementor-element elementor-element-25b243ab elementor-widget elementor-widget-text-editor\" data-id=\"25b243ab\" data-element_type=\"widget\" data-e-type=\"widget\" data-widget_type=\"text-editor.default\">\n\t\t\t\t<div class=\"elementor-widget-container\">\n\t\t\t\t\t\t\t\t\t<p>nie zwlekaj skontaktuj si\u0119 ju\u017c teraz<\/p>\t\t\t\t\t\t\t\t<\/div>\n\t\t\t\t<\/div>\n\t\t\t\t<div class=\"elementor-element elementor-element-33dcc015 elementor-align-center elementor-widget elementor-widget-button\" data-id=\"33dcc015\" data-element_type=\"widget\" data-e-type=\"widget\" data-widget_type=\"button.default\">\n\t\t\t\t<div class=\"elementor-widget-container\">\n\t\t\t\t\t\t\t\t\t<div class=\"elementor-button-wrapper\">\n\t\t\t\t\t<a class=\"elementor-button elementor-button-link elementor-size-sm\" href=\"tel:+48512713714\">\n\t\t\t\t\t\t<span class=\"elementor-button-content-wrapper\">\n\t\t\t\t\t\t\t\t\t<span class=\"elementor-button-text\">ZADZWO\u0143<\/span>\n\t\t\t\t\t<\/span>\n\t\t\t\t\t<\/a>\n\t\t\t\t<\/div>\n\t\t\t\t\t\t\t\t<\/div>\n\t\t\t\t<\/div>\n\t\t\t\t\t<\/div>\n\t\t<\/div>\n\t\t\t\t\t<\/div>\n\t\t<\/section>\n\t\t\t\t<\/div>\n\t\t","protected":false},"excerpt":{"rendered":"<p>Komunikaty Nie zwlekaj czas ucieka Informacja zachowaj wszelkie informacje Oszczedzaj czas o pieni\u0105dze Najwa\u017cniejszy dla nas jest klient nie zwlekaj skontaktuj si\u0119 ju\u017c teraz ZADZWO\u0143<\/p>\n","protected":false},"author":1,"featured_media":0,"parent":0,"menu_order":0,"comment_status":"closed","ping_status":"closed","template":"","meta":{"_kad_post_transparent":"","_kad_post_title":"hide","_kad_post_layout":"fullwidth","_kad_post_sidebar_id":"","_kad_post_content_style":"unboxed","_kad_post_vertical_padding":"hide","_kad_post_feature":"hide","_kad_post_feature_position":"","_kad_post_header":false,"_kad_post_footer":false,"footnotes":""},"class_list":["post-2636","page","type-page","status-publish","hentry"],"yoast_head":"<!-- This site is optimized with the Yoast SEO plugin v27.4 - https:\/\/yoast.com\/product\/yoast-seo-wordpress\/ -->\n<title>Komunikaty - detektyw.pl<\/title>\n<meta name=\"robots\" content=\"index, follow, max-snippet:-1, max-image-preview:large, max-video-preview:-1\" \/>\n<link rel=\"canonical\" href=\"https:\/\/detektyw.pl\/index.php\/komunikaty\/\" \/>\n<meta property=\"og:locale\" content=\"pl_PL\" \/>\n<meta property=\"og:type\" content=\"article\" \/>\n<meta property=\"og:title\" content=\"Komunikaty - detektyw.pl\" \/>\n<meta property=\"og:description\" content=\"Komunikaty Nie zwlekaj czas ucieka Informacja zachowaj wszelkie informacje Oszczedzaj czas o pieni\u0105dze Najwa\u017cniejszy dla nas jest klient nie zwlekaj skontaktuj si\u0119 ju\u017c teraz ZADZWO\u0143\" \/>\n<meta property=\"og:url\" content=\"https:\/\/detektyw.pl\/index.php\/komunikaty\/\" \/>\n<meta property=\"og:site_name\" content=\"detektyw.pl\" \/>\n<meta property=\"article:publisher\" content=\"https:\/\/www.facebook.com\/100089700483679\" \/>\n<meta property=\"article:modified_time\" content=\"2023-07-18T18:59:14+00:00\" \/>\n<meta name=\"twitter:card\" content=\"summary_large_image\" \/>\n<script type=\"application\/ld+json\" class=\"yoast-schema-graph\">{\"@context\":\"https:\\\/\\\/schema.org\",\"@graph\":[{\"@type\":\"WebPage\",\"@id\":\"https:\\\/\\\/detektyw.pl\\\/index.php\\\/komunikaty\\\/\",\"url\":\"https:\\\/\\\/detektyw.pl\\\/index.php\\\/komunikaty\\\/\",\"name\":\"Komunikaty - detektyw.pl\",\"isPartOf\":{\"@id\":\"https:\\\/\\\/detektyw.pl\\\/#website\"},\"datePublished\":\"2023-07-18T18:48:52+00:00\",\"dateModified\":\"2023-07-18T18:59:14+00:00\",\"breadcrumb\":{\"@id\":\"https:\\\/\\\/detektyw.pl\\\/index.php\\\/komunikaty\\\/#breadcrumb\"},\"inLanguage\":\"pl-PL\",\"potentialAction\":[{\"@type\":\"ReadAction\",\"target\":[\"https:\\\/\\\/detektyw.pl\\\/index.php\\\/komunikaty\\\/\"]}]},{\"@type\":\"BreadcrumbList\",\"@id\":\"https:\\\/\\\/detektyw.pl\\\/index.php\\\/komunikaty\\\/#breadcrumb\",\"itemListElement\":[{\"@type\":\"ListItem\",\"position\":1,\"name\":\"Strona g\u0142\u00f3wna\",\"item\":\"https:\\\/\\\/detektyw.pl\\\/\"},{\"@type\":\"ListItem\",\"position\":2,\"name\":\"Komunikaty\"}]},{\"@type\":\"WebSite\",\"@id\":\"https:\\\/\\\/detektyw.pl\\\/#website\",\"url\":\"https:\\\/\\\/detektyw.pl\\\/\",\"name\":\"detektyw.pl\",\"description\":\"AGENCJA DETEKTYWISTYCZNA I KONSULTINGOWA\",\"publisher\":{\"@id\":\"https:\\\/\\\/detektyw.pl\\\/#organization\"},\"potentialAction\":[{\"@type\":\"SearchAction\",\"target\":{\"@type\":\"EntryPoint\",\"urlTemplate\":\"https:\\\/\\\/detektyw.pl\\\/?s={search_term_string}\"},\"query-input\":{\"@type\":\"PropertyValueSpecification\",\"valueRequired\":true,\"valueName\":\"search_term_string\"}}],\"inLanguage\":\"pl-PL\"},{\"@type\":\"Organization\",\"@id\":\"https:\\\/\\\/detektyw.pl\\\/#organization\",\"name\":\"detektyw.pl\",\"url\":\"https:\\\/\\\/detektyw.pl\\\/\",\"logo\":{\"@type\":\"ImageObject\",\"inLanguage\":\"pl-PL\",\"@id\":\"https:\\\/\\\/detektyw.pl\\\/#\\\/schema\\\/logo\\\/image\\\/\",\"url\":\"https:\\\/\\\/detektyw.pl\\\/wp-content\\\/uploads\\\/2023\\\/04\\\/xlogo.webp\",\"contentUrl\":\"https:\\\/\\\/detektyw.pl\\\/wp-content\\\/uploads\\\/2023\\\/04\\\/xlogo.webp\",\"width\":240,\"height\":79,\"caption\":\"detektyw.pl\"},\"image\":{\"@id\":\"https:\\\/\\\/detektyw.pl\\\/#\\\/schema\\\/logo\\\/image\\\/\"},\"sameAs\":[\"https:\\\/\\\/www.facebook.com\\\/100089700483679\"]}]}<\/script>\n<!-- \/ Yoast SEO plugin. -->","yoast_head_json":{"title":"Komunikaty - detektyw.pl","robots":{"index":"index","follow":"follow","max-snippet":"max-snippet:-1","max-image-preview":"max-image-preview:large","max-video-preview":"max-video-preview:-1"},"canonical":"https:\/\/detektyw.pl\/index.php\/komunikaty\/","og_locale":"pl_PL","og_type":"article","og_title":"Komunikaty - detektyw.pl","og_description":"Komunikaty Nie zwlekaj czas ucieka Informacja zachowaj wszelkie informacje Oszczedzaj czas o pieni\u0105dze Najwa\u017cniejszy dla nas jest klient nie zwlekaj skontaktuj si\u0119 ju\u017c teraz ZADZWO\u0143","og_url":"https:\/\/detektyw.pl\/index.php\/komunikaty\/","og_site_name":"detektyw.pl","article_publisher":"https:\/\/www.facebook.com\/100089700483679","article_modified_time":"2023-07-18T18:59:14+00:00","twitter_card":"summary_large_image","schema":{"@context":"https:\/\/schema.org","@graph":[{"@type":"WebPage","@id":"https:\/\/detektyw.pl\/index.php\/komunikaty\/","url":"https:\/\/detektyw.pl\/index.php\/komunikaty\/","name":"Komunikaty - detektyw.pl","isPartOf":{"@id":"https:\/\/detektyw.pl\/#website"},"datePublished":"2023-07-18T18:48:52+00:00","dateModified":"2023-07-18T18:59:14+00:00","breadcrumb":{"@id":"https:\/\/detektyw.pl\/index.php\/komunikaty\/#breadcrumb"},"inLanguage":"pl-PL","potentialAction":[{"@type":"ReadAction","target":["https:\/\/detektyw.pl\/index.php\/komunikaty\/"]}]},{"@type":"BreadcrumbList","@id":"https:\/\/detektyw.pl\/index.php\/komunikaty\/#breadcrumb","itemListElement":[{"@type":"ListItem","position":1,"name":"Strona g\u0142\u00f3wna","item":"https:\/\/detektyw.pl\/"},{"@type":"ListItem","position":2,"name":"Komunikaty"}]},{"@type":"WebSite","@id":"https:\/\/detektyw.pl\/#website","url":"https:\/\/detektyw.pl\/","name":"detektyw.pl","description":"AGENCJA DETEKTYWISTYCZNA I KONSULTINGOWA","publisher":{"@id":"https:\/\/detektyw.pl\/#organization"},"potentialAction":[{"@type":"SearchAction","target":{"@type":"EntryPoint","urlTemplate":"https:\/\/detektyw.pl\/?s={search_term_string}"},"query-input":{"@type":"PropertyValueSpecification","valueRequired":true,"valueName":"search_term_string"}}],"inLanguage":"pl-PL"},{"@type":"Organization","@id":"https:\/\/detektyw.pl\/#organization","name":"detektyw.pl","url":"https:\/\/detektyw.pl\/","logo":{"@type":"ImageObject","inLanguage":"pl-PL","@id":"https:\/\/detektyw.pl\/#\/schema\/logo\/image\/","url":"https:\/\/detektyw.pl\/wp-content\/uploads\/2023\/04\/xlogo.webp","contentUrl":"https:\/\/detektyw.pl\/wp-content\/uploads\/2023\/04\/xlogo.webp","width":240,"height":79,"caption":"detektyw.pl"},"image":{"@id":"https:\/\/detektyw.pl\/#\/schema\/logo\/image\/"},"sameAs":["https:\/\/www.facebook.com\/100089700483679"]}]}},"_links":{"self":[{"href":"https:\/\/detektyw.pl\/index.php\/wp-json\/wp\/v2\/pages\/2636","targetHints":{"allow":["GET"]}}],"collection":[{"href":"https:\/\/detektyw.pl\/index.php\/wp-json\/wp\/v2\/pages"}],"about":[{"href":"https:\/\/detektyw.pl\/index.php\/wp-json\/wp\/v2\/types\/page"}],"author":[{"embeddable":true,"href":"https:\/\/detektyw.pl\/index.php\/wp-json\/wp\/v2\/users\/1"}],"replies":[{"embeddable":true,"href":"https:\/\/detektyw.pl\/index.php\/wp-json\/wp\/v2\/comments?post=2636"}],"version-history":[{"count":11,"href":"https:\/\/detektyw.pl\/index.php\/wp-json\/wp\/v2\/pages\/2636\/revisions"}],"predecessor-version":[{"id":2651,"href":"https:\/\/detektyw.pl\/index.php\/wp-json\/wp\/v2\/pages\/2636\/revisions\/2651"}],"wp:attachment":[{"href":"https:\/\/detektyw.pl\/index.php\/wp-json\/wp\/v2\/media?parent=2636"}],"curies":[{"name":"wp","href":"https:\/\/api.w.org\/{rel}","templated":true}]}}