{"id":2048,"date":"2023-05-08T09:34:50","date_gmt":"2023-05-08T07:34:50","guid":{"rendered":"https:\/\/detektyw.pl\/?page_id=2048"},"modified":"2023-05-08T09:35:16","modified_gmt":"2023-05-08T07:35:16","slug":"prawo-karne","status":"publish","type":"page","link":"https:\/\/detektyw.pl\/index.php\/prawo-karne\/","title":{"rendered":"Prawo karne"},"content":{"rendered":"\t\t<div data-elementor-type=\"wp-page\" data-elementor-id=\"2048\" class=\"elementor elementor-2048\" data-elementor-post-type=\"page\">\n\t\t\t\t\t\t<section class=\"elementor-section elementor-top-section elementor-element elementor-element-5c7f84f7 elementor-section-boxed elementor-section-height-default elementor-section-height-default\" data-id=\"5c7f84f7\" data-element_type=\"section\" data-e-type=\"section\">\n\t\t\t\t\t\t<div class=\"elementor-container elementor-column-gap-default\">\n\t\t\t\t\t<div class=\"elementor-column elementor-col-100 elementor-top-column elementor-element elementor-element-3a8ea18a\" data-id=\"3a8ea18a\" data-element_type=\"column\" data-e-type=\"column\">\n\t\t\t<div class=\"elementor-widget-wrap\">\n\t\t\t\t\t\t\t<\/div>\n\t\t<\/div>\n\t\t\t\t\t<\/div>\n\t\t<\/section>\n\t\t\t\t<section class=\"elementor-section elementor-top-section elementor-element elementor-element-1dc5e246 elementor-section-boxed elementor-section-height-default elementor-section-height-default\" data-id=\"1dc5e246\" data-element_type=\"section\" data-e-type=\"section\">\n\t\t\t\t\t\t<div class=\"elementor-container elementor-column-gap-default\">\n\t\t\t\t\t<div class=\"elementor-column elementor-col-100 elementor-top-column elementor-element elementor-element-3832b74c\" data-id=\"3832b74c\" data-element_type=\"column\" data-e-type=\"column\">\n\t\t\t<div class=\"elementor-widget-wrap elementor-element-populated\">\n\t\t\t\t\t\t<div class=\"elementor-element elementor-element-32cff962 elementor-widget elementor-widget-heading\" data-id=\"32cff962\" data-element_type=\"widget\" data-e-type=\"widget\" data-widget_type=\"heading.default\">\n\t\t\t\t<div class=\"elementor-widget-container\">\n\t\t\t\t\t<h1 class=\"elementor-heading-title elementor-size-default\">Prawo karne<\/h1>\t\t\t\t<\/div>\n\t\t\t\t<\/div>\n\t\t\t\t\t<\/div>\n\t\t<\/div>\n\t\t\t\t\t<\/div>\n\t\t<\/section>\n\t\t\t\t<section class=\"elementor-section elementor-top-section elementor-element elementor-element-15eb147a elementor-section-boxed elementor-section-height-default elementor-section-height-default\" data-id=\"15eb147a\" data-element_type=\"section\" data-e-type=\"section\">\n\t\t\t\t\t\t<div class=\"elementor-container elementor-column-gap-default\">\n\t\t\t\t\t<div class=\"elementor-column elementor-col-100 elementor-top-column elementor-element elementor-element-1b420e95\" data-id=\"1b420e95\" data-element_type=\"column\" data-e-type=\"column\">\n\t\t\t<div class=\"elementor-widget-wrap elementor-element-populated\">\n\t\t\t\t\t\t<section class=\"elementor-section elementor-inner-section elementor-element elementor-element-3d4e4a03 elementor-section-boxed elementor-section-height-default elementor-section-height-default\" data-id=\"3d4e4a03\" data-element_type=\"section\" data-e-type=\"section\">\n\t\t\t\t\t\t<div class=\"elementor-container elementor-column-gap-default\">\n\t\t\t\t\t<div class=\"elementor-column elementor-col-100 elementor-inner-column elementor-element elementor-element-283dfe8a\" data-id=\"283dfe8a\" data-element_type=\"column\" data-e-type=\"column\">\n\t\t\t<div class=\"elementor-widget-wrap\">\n\t\t\t\t\t\t\t<\/div>\n\t\t<\/div>\n\t\t\t\t\t<\/div>\n\t\t<\/section>\n\t\t\t\t\t<\/div>\n\t\t<\/div>\n\t\t\t\t\t<\/div>\n\t\t<\/section>\n\t\t\t\t<section class=\"elementor-section elementor-top-section elementor-element elementor-element-400b978c elementor-section-boxed elementor-section-height-default elementor-section-height-default\" data-id=\"400b978c\" data-element_type=\"section\" data-e-type=\"section\">\n\t\t\t\t\t\t<div class=\"elementor-container elementor-column-gap-default\">\n\t\t\t\t\t<div class=\"elementor-column elementor-col-100 elementor-top-column elementor-element elementor-element-7a1945fc\" data-id=\"7a1945fc\" data-element_type=\"column\" data-e-type=\"column\">\n\t\t\t<div class=\"elementor-widget-wrap\">\n\t\t\t\t\t\t\t<\/div>\n\t\t<\/div>\n\t\t\t\t\t<\/div>\n\t\t<\/section>\n\t\t\t\t<section class=\"elementor-section elementor-top-section elementor-element elementor-element-413fb305 elementor-section-boxed elementor-section-height-default elementor-section-height-default\" data-id=\"413fb305\" data-element_type=\"section\" data-e-type=\"section\" data-settings=\"{&quot;background_background&quot;:&quot;classic&quot;,&quot;shape_divider_top&quot;:&quot;tilt&quot;,&quot;shape_divider_bottom&quot;:&quot;tilt&quot;}\">\n\t\t\t\t\t<div class=\"elementor-shape elementor-shape-top\" aria-hidden=\"true\" data-negative=\"false\">\n\t\t\t<svg xmlns=\"http:\/\/www.w3.org\/2000\/svg\" viewBox=\"0 0 1000 100\" preserveAspectRatio=\"none\">\n\t<path class=\"elementor-shape-fill\" d=\"M0,6V0h1000v100L0,6z\"\/>\n<\/svg>\t\t<\/div>\n\t\t\t\t<div class=\"elementor-shape elementor-shape-bottom\" aria-hidden=\"true\" data-negative=\"false\">\n\t\t\t<svg xmlns=\"http:\/\/www.w3.org\/2000\/svg\" viewBox=\"0 0 1000 100\" preserveAspectRatio=\"none\">\n\t<path class=\"elementor-shape-fill\" d=\"M0,6V0h1000v100L0,6z\"\/>\n<\/svg>\t\t<\/div>\n\t\t\t\t\t<div class=\"elementor-container elementor-column-gap-default\">\n\t\t\t\t\t<div class=\"elementor-column elementor-col-100 elementor-top-column elementor-element elementor-element-185d63f5\" data-id=\"185d63f5\" data-element_type=\"column\" data-e-type=\"column\">\n\t\t\t<div class=\"elementor-widget-wrap elementor-element-populated\">\n\t\t\t\t\t\t<section class=\"elementor-section elementor-inner-section elementor-element elementor-element-7d468557 elementor-section-boxed elementor-section-height-default elementor-section-height-default\" data-id=\"7d468557\" data-element_type=\"section\" data-e-type=\"section\" data-settings=\"{&quot;background_background&quot;:&quot;classic&quot;}\">\n\t\t\t\t\t\t<div class=\"elementor-container elementor-column-gap-default\">\n\t\t\t\t\t<div class=\"elementor-column elementor-col-33 elementor-inner-column elementor-element elementor-element-272d3ba9\" data-id=\"272d3ba9\" data-element_type=\"column\" data-e-type=\"column\">\n\t\t\t<div class=\"elementor-widget-wrap elementor-element-populated\">\n\t\t\t\t\t\t<div class=\"elementor-element elementor-element-203cd90c elementor-view-stacked elementor-shape-circle elementor-position-block-start elementor-mobile-position-block-start elementor-widget elementor-widget-icon-box\" data-id=\"203cd90c\" data-element_type=\"widget\" data-e-type=\"widget\" data-widget_type=\"icon-box.default\">\n\t\t\t\t<div class=\"elementor-widget-container\">\n\t\t\t\t\t\t\t<div class=\"elementor-icon-box-wrapper\">\n\n\t\t\t\t\t\t<div class=\"elementor-icon-box-icon\">\n\t\t\t\t<span  class=\"elementor-icon\">\n\t\t\t\t<i aria-hidden=\"true\" class=\"far fa-bell\"><\/i>\t\t\t\t<\/span>\n\t\t\t<\/div>\n\t\t\t\n\t\t\t\t\t\t<div class=\"elementor-icon-box-content\">\n\n\t\t\t\t\t\t\t\t\t<h4 class=\"elementor-icon-box-title\">\n\t\t\t\t\t\t<span  >\n\t\t\t\t\t\t\tNie zwlekaj\t\t\t\t\t\t<\/span>\n\t\t\t\t\t<\/h4>\n\t\t\t\t\n\t\t\t\t\t\t\t\t\t<p class=\"elementor-icon-box-description\">\n\t\t\t\t\t\tczas ucieka \t\t\t\t\t<\/p>\n\t\t\t\t\n\t\t\t<\/div>\n\t\t\t\n\t\t<\/div>\n\t\t\t\t\t\t<\/div>\n\t\t\t\t<\/div>\n\t\t\t\t\t<\/div>\n\t\t<\/div>\n\t\t\t\t<div class=\"elementor-column elementor-col-33 elementor-inner-column elementor-element elementor-element-71336c1\" data-id=\"71336c1\" data-element_type=\"column\" data-e-type=\"column\">\n\t\t\t<div class=\"elementor-widget-wrap elementor-element-populated\">\n\t\t\t\t\t\t<div class=\"elementor-element elementor-element-2ebb7650 elementor-view-stacked elementor-shape-circle elementor-position-block-start elementor-mobile-position-block-start elementor-widget elementor-widget-icon-box\" data-id=\"2ebb7650\" data-element_type=\"widget\" data-e-type=\"widget\" data-widget_type=\"icon-box.default\">\n\t\t\t\t<div class=\"elementor-widget-container\">\n\t\t\t\t\t\t\t<div class=\"elementor-icon-box-wrapper\">\n\n\t\t\t\t\t\t<div class=\"elementor-icon-box-icon\">\n\t\t\t\t<span  class=\"elementor-icon\">\n\t\t\t\t<i aria-hidden=\"true\" class=\"far fa-newspaper\"><\/i>\t\t\t\t<\/span>\n\t\t\t<\/div>\n\t\t\t\n\t\t\t\t\t\t<div class=\"elementor-icon-box-content\">\n\n\t\t\t\t\t\t\t\t\t<h4 class=\"elementor-icon-box-title\">\n\t\t\t\t\t\t<span  >\n\t\t\t\t\t\t\tInformacja\t\t\t\t\t\t<\/span>\n\t\t\t\t\t<\/h4>\n\t\t\t\t\n\t\t\t\t\t\t\t\t\t<p class=\"elementor-icon-box-description\">\n\t\t\t\t\t\tzachowaj wszelkie informacje\t\t\t\t\t<\/p>\n\t\t\t\t\n\t\t\t<\/div>\n\t\t\t\n\t\t<\/div>\n\t\t\t\t\t\t<\/div>\n\t\t\t\t<\/div>\n\t\t\t\t\t<\/div>\n\t\t<\/div>\n\t\t\t\t<div class=\"elementor-column elementor-col-33 elementor-inner-column elementor-element elementor-element-46951048\" data-id=\"46951048\" data-element_type=\"column\" data-e-type=\"column\">\n\t\t\t<div class=\"elementor-widget-wrap elementor-element-populated\">\n\t\t\t\t\t\t<div class=\"elementor-element elementor-element-16cdba6b elementor-view-stacked elementor-shape-circle elementor-position-block-start elementor-mobile-position-block-start elementor-widget elementor-widget-icon-box\" data-id=\"16cdba6b\" data-element_type=\"widget\" data-e-type=\"widget\" data-widget_type=\"icon-box.default\">\n\t\t\t\t<div class=\"elementor-widget-container\">\n\t\t\t\t\t\t\t<div class=\"elementor-icon-box-wrapper\">\n\n\t\t\t\t\t\t<div class=\"elementor-icon-box-icon\">\n\t\t\t\t<span  class=\"elementor-icon\">\n\t\t\t\t<i aria-hidden=\"true\" class=\"far fa-money-bill-alt\"><\/i>\t\t\t\t<\/span>\n\t\t\t<\/div>\n\t\t\t\n\t\t\t\t\t\t<div class=\"elementor-icon-box-content\">\n\n\t\t\t\t\t\t\t\t\t<h4 class=\"elementor-icon-box-title\">\n\t\t\t\t\t\t<span  >\n\t\t\t\t\t\t\tOszczedzaj\t\t\t\t\t\t<\/span>\n\t\t\t\t\t<\/h4>\n\t\t\t\t\n\t\t\t\t\t\t\t\t\t<p class=\"elementor-icon-box-description\">\n\t\t\t\t\t\tczas o pieni\u0105dze\t\t\t\t\t<\/p>\n\t\t\t\t\n\t\t\t<\/div>\n\t\t\t\n\t\t<\/div>\n\t\t\t\t\t\t<\/div>\n\t\t\t\t<\/div>\n\t\t\t\t\t<\/div>\n\t\t<\/div>\n\t\t\t\t\t<\/div>\n\t\t<\/section>\n\t\t\t\t\t<\/div>\n\t\t<\/div>\n\t\t\t\t\t<\/div>\n\t\t<\/section>\n\t\t\t\t<section class=\"elementor-section elementor-top-section elementor-element elementor-element-20444bc4 elementor-section-boxed elementor-section-height-default elementor-section-height-default\" data-id=\"20444bc4\" data-element_type=\"section\" data-e-type=\"section\" data-settings=\"{&quot;background_background&quot;:&quot;classic&quot;,&quot;shape_divider_top&quot;:&quot;tilt&quot;}\">\n\t\t\t\t\t<div class=\"elementor-shape elementor-shape-top\" aria-hidden=\"true\" data-negative=\"false\">\n\t\t\t<svg xmlns=\"http:\/\/www.w3.org\/2000\/svg\" viewBox=\"0 0 1000 100\" preserveAspectRatio=\"none\">\n\t<path class=\"elementor-shape-fill\" d=\"M0,6V0h1000v100L0,6z\"\/>\n<\/svg>\t\t<\/div>\n\t\t\t\t\t<div class=\"elementor-container elementor-column-gap-default\">\n\t\t\t\t\t<div class=\"elementor-column elementor-col-100 elementor-top-column elementor-element elementor-element-e96a606\" data-id=\"e96a606\" data-element_type=\"column\" data-e-type=\"column\">\n\t\t\t<div class=\"elementor-widget-wrap elementor-element-populated\">\n\t\t\t\t\t\t<div class=\"elementor-element elementor-element-65bc18f2 elementor-widget elementor-widget-heading\" data-id=\"65bc18f2\" data-element_type=\"widget\" data-e-type=\"widget\" data-widget_type=\"heading.default\">\n\t\t\t\t<div class=\"elementor-widget-container\">\n\t\t\t\t\t<h2 class=\"elementor-heading-title elementor-size-default\">Najwa\u017cniejszy dla nas jest klient<\/h2>\t\t\t\t<\/div>\n\t\t\t\t<\/div>\n\t\t\t\t<div class=\"elementor-element elementor-element-67a48332 elementor-widget elementor-widget-text-editor\" data-id=\"67a48332\" data-element_type=\"widget\" data-e-type=\"widget\" data-widget_type=\"text-editor.default\">\n\t\t\t\t<div class=\"elementor-widget-container\">\n\t\t\t\t\t\t\t\t\t<p>nie zwlekaj skontaktuj si\u0119 ju\u017c teraz<\/p>\t\t\t\t\t\t\t\t<\/div>\n\t\t\t\t<\/div>\n\t\t\t\t<div class=\"elementor-element elementor-element-236eeb7f elementor-align-center elementor-widget elementor-widget-button\" data-id=\"236eeb7f\" data-element_type=\"widget\" data-e-type=\"widget\" data-widget_type=\"button.default\">\n\t\t\t\t<div class=\"elementor-widget-container\">\n\t\t\t\t\t\t\t\t\t<div class=\"elementor-button-wrapper\">\n\t\t\t\t\t<a class=\"elementor-button elementor-button-link elementor-size-sm\" href=\"tel:+48512713714\">\n\t\t\t\t\t\t<span class=\"elementor-button-content-wrapper\">\n\t\t\t\t\t\t\t\t\t<span class=\"elementor-button-text\">ZADZWO\u0143<\/span>\n\t\t\t\t\t<\/span>\n\t\t\t\t\t<\/a>\n\t\t\t\t<\/div>\n\t\t\t\t\t\t\t\t<\/div>\n\t\t\t\t<\/div>\n\t\t\t\t\t<\/div>\n\t\t<\/div>\n\t\t\t\t\t<\/div>\n\t\t<\/section>\n\t\t\t\t<\/div>\n\t\t","protected":false},"excerpt":{"rendered":"<p>Prawo karne Nie zwlekaj czas ucieka Informacja zachowaj wszelkie informacje Oszczedzaj czas o pieni\u0105dze Najwa\u017cniejszy dla nas jest klient nie zwlekaj skontaktuj si\u0119 ju\u017c teraz ZADZWO\u0143<\/p>\n","protected":false},"author":1,"featured_media":0,"parent":0,"menu_order":0,"comment_status":"closed","ping_status":"closed","template":"","meta":{"_kad_post_transparent":"","_kad_post_title":"hide","_kad_post_layout":"fullwidth","_kad_post_sidebar_id":"","_kad_post_content_style":"unboxed","_kad_post_vertical_padding":"hide","_kad_post_feature":"hide","_kad_post_feature_position":"","_kad_post_header":false,"_kad_post_footer":false,"footnotes":""},"class_list":["post-2048","page","type-page","status-publish","hentry"],"yoast_head":"<!-- This site is optimized with the Yoast SEO plugin v27.5 - https:\/\/yoast.com\/product\/yoast-seo-wordpress\/ -->\n<title>Prawo karne - detektyw.pl<\/title>\n<meta name=\"robots\" content=\"index, follow, max-snippet:-1, max-image-preview:large, max-video-preview:-1\" \/>\n<link rel=\"canonical\" href=\"https:\/\/detektyw.pl\/index.php\/prawo-karne\/\" \/>\n<meta property=\"og:locale\" content=\"pl_PL\" \/>\n<meta property=\"og:type\" content=\"article\" \/>\n<meta property=\"og:title\" content=\"Prawo karne - detektyw.pl\" \/>\n<meta property=\"og:description\" content=\"Prawo karne Nie zwlekaj czas ucieka Informacja zachowaj wszelkie informacje Oszczedzaj czas o pieni\u0105dze Najwa\u017cniejszy dla nas jest klient nie zwlekaj skontaktuj si\u0119 ju\u017c teraz ZADZWO\u0143\" \/>\n<meta property=\"og:url\" content=\"https:\/\/detektyw.pl\/index.php\/prawo-karne\/\" \/>\n<meta property=\"og:site_name\" content=\"detektyw.pl\" \/>\n<meta property=\"article:publisher\" content=\"https:\/\/www.facebook.com\/100089700483679\" \/>\n<meta property=\"article:modified_time\" content=\"2023-05-08T07:35:16+00:00\" \/>\n<meta name=\"twitter:card\" content=\"summary_large_image\" \/>\n<script type=\"application\/ld+json\" class=\"yoast-schema-graph\">{\"@context\":\"https:\\\/\\\/schema.org\",\"@graph\":[{\"@type\":\"WebPage\",\"@id\":\"https:\\\/\\\/detektyw.pl\\\/index.php\\\/prawo-karne\\\/\",\"url\":\"https:\\\/\\\/detektyw.pl\\\/index.php\\\/prawo-karne\\\/\",\"name\":\"Prawo karne - detektyw.pl\",\"isPartOf\":{\"@id\":\"https:\\\/\\\/detektyw.pl\\\/#website\"},\"datePublished\":\"2023-05-08T07:34:50+00:00\",\"dateModified\":\"2023-05-08T07:35:16+00:00\",\"breadcrumb\":{\"@id\":\"https:\\\/\\\/detektyw.pl\\\/index.php\\\/prawo-karne\\\/#breadcrumb\"},\"inLanguage\":\"pl-PL\",\"potentialAction\":[{\"@type\":\"ReadAction\",\"target\":[\"https:\\\/\\\/detektyw.pl\\\/index.php\\\/prawo-karne\\\/\"]}]},{\"@type\":\"BreadcrumbList\",\"@id\":\"https:\\\/\\\/detektyw.pl\\\/index.php\\\/prawo-karne\\\/#breadcrumb\",\"itemListElement\":[{\"@type\":\"ListItem\",\"position\":1,\"name\":\"Strona g\u0142\u00f3wna\",\"item\":\"https:\\\/\\\/detektyw.pl\\\/\"},{\"@type\":\"ListItem\",\"position\":2,\"name\":\"Prawo karne\"}]},{\"@type\":\"WebSite\",\"@id\":\"https:\\\/\\\/detektyw.pl\\\/#website\",\"url\":\"https:\\\/\\\/detektyw.pl\\\/\",\"name\":\"detektyw.pl\",\"description\":\"AGENCJA DETEKTYWISTYCZNA I KONSULTINGOWA\",\"publisher\":{\"@id\":\"https:\\\/\\\/detektyw.pl\\\/#organization\"},\"potentialAction\":[{\"@type\":\"SearchAction\",\"target\":{\"@type\":\"EntryPoint\",\"urlTemplate\":\"https:\\\/\\\/detektyw.pl\\\/?s={search_term_string}\"},\"query-input\":{\"@type\":\"PropertyValueSpecification\",\"valueRequired\":true,\"valueName\":\"search_term_string\"}}],\"inLanguage\":\"pl-PL\"},{\"@type\":\"Organization\",\"@id\":\"https:\\\/\\\/detektyw.pl\\\/#organization\",\"name\":\"detektyw.pl\",\"url\":\"https:\\\/\\\/detektyw.pl\\\/\",\"logo\":{\"@type\":\"ImageObject\",\"inLanguage\":\"pl-PL\",\"@id\":\"https:\\\/\\\/detektyw.pl\\\/#\\\/schema\\\/logo\\\/image\\\/\",\"url\":\"https:\\\/\\\/detektyw.pl\\\/wp-content\\\/uploads\\\/2023\\\/04\\\/xlogo.webp\",\"contentUrl\":\"https:\\\/\\\/detektyw.pl\\\/wp-content\\\/uploads\\\/2023\\\/04\\\/xlogo.webp\",\"width\":240,\"height\":79,\"caption\":\"detektyw.pl\"},\"image\":{\"@id\":\"https:\\\/\\\/detektyw.pl\\\/#\\\/schema\\\/logo\\\/image\\\/\"},\"sameAs\":[\"https:\\\/\\\/www.facebook.com\\\/100089700483679\"]}]}<\/script>\n<!-- \/ Yoast SEO plugin. -->","yoast_head_json":{"title":"Prawo karne - detektyw.pl","robots":{"index":"index","follow":"follow","max-snippet":"max-snippet:-1","max-image-preview":"max-image-preview:large","max-video-preview":"max-video-preview:-1"},"canonical":"https:\/\/detektyw.pl\/index.php\/prawo-karne\/","og_locale":"pl_PL","og_type":"article","og_title":"Prawo karne - detektyw.pl","og_description":"Prawo karne Nie zwlekaj czas ucieka Informacja zachowaj wszelkie informacje Oszczedzaj czas o pieni\u0105dze Najwa\u017cniejszy dla nas jest klient nie zwlekaj skontaktuj si\u0119 ju\u017c teraz ZADZWO\u0143","og_url":"https:\/\/detektyw.pl\/index.php\/prawo-karne\/","og_site_name":"detektyw.pl","article_publisher":"https:\/\/www.facebook.com\/100089700483679","article_modified_time":"2023-05-08T07:35:16+00:00","twitter_card":"summary_large_image","schema":{"@context":"https:\/\/schema.org","@graph":[{"@type":"WebPage","@id":"https:\/\/detektyw.pl\/index.php\/prawo-karne\/","url":"https:\/\/detektyw.pl\/index.php\/prawo-karne\/","name":"Prawo karne - detektyw.pl","isPartOf":{"@id":"https:\/\/detektyw.pl\/#website"},"datePublished":"2023-05-08T07:34:50+00:00","dateModified":"2023-05-08T07:35:16+00:00","breadcrumb":{"@id":"https:\/\/detektyw.pl\/index.php\/prawo-karne\/#breadcrumb"},"inLanguage":"pl-PL","potentialAction":[{"@type":"ReadAction","target":["https:\/\/detektyw.pl\/index.php\/prawo-karne\/"]}]},{"@type":"BreadcrumbList","@id":"https:\/\/detektyw.pl\/index.php\/prawo-karne\/#breadcrumb","itemListElement":[{"@type":"ListItem","position":1,"name":"Strona g\u0142\u00f3wna","item":"https:\/\/detektyw.pl\/"},{"@type":"ListItem","position":2,"name":"Prawo karne"}]},{"@type":"WebSite","@id":"https:\/\/detektyw.pl\/#website","url":"https:\/\/detektyw.pl\/","name":"detektyw.pl","description":"AGENCJA DETEKTYWISTYCZNA I KONSULTINGOWA","publisher":{"@id":"https:\/\/detektyw.pl\/#organization"},"potentialAction":[{"@type":"SearchAction","target":{"@type":"EntryPoint","urlTemplate":"https:\/\/detektyw.pl\/?s={search_term_string}"},"query-input":{"@type":"PropertyValueSpecification","valueRequired":true,"valueName":"search_term_string"}}],"inLanguage":"pl-PL"},{"@type":"Organization","@id":"https:\/\/detektyw.pl\/#organization","name":"detektyw.pl","url":"https:\/\/detektyw.pl\/","logo":{"@type":"ImageObject","inLanguage":"pl-PL","@id":"https:\/\/detektyw.pl\/#\/schema\/logo\/image\/","url":"https:\/\/detektyw.pl\/wp-content\/uploads\/2023\/04\/xlogo.webp","contentUrl":"https:\/\/detektyw.pl\/wp-content\/uploads\/2023\/04\/xlogo.webp","width":240,"height":79,"caption":"detektyw.pl"},"image":{"@id":"https:\/\/detektyw.pl\/#\/schema\/logo\/image\/"},"sameAs":["https:\/\/www.facebook.com\/100089700483679"]}]}},"_links":{"self":[{"href":"https:\/\/detektyw.pl\/index.php\/wp-json\/wp\/v2\/pages\/2048","targetHints":{"allow":["GET"]}}],"collection":[{"href":"https:\/\/detektyw.pl\/index.php\/wp-json\/wp\/v2\/pages"}],"about":[{"href":"https:\/\/detektyw.pl\/index.php\/wp-json\/wp\/v2\/types\/page"}],"author":[{"embeddable":true,"href":"https:\/\/detektyw.pl\/index.php\/wp-json\/wp\/v2\/users\/1"}],"replies":[{"embeddable":true,"href":"https:\/\/detektyw.pl\/index.php\/wp-json\/wp\/v2\/comments?post=2048"}],"version-history":[{"count":4,"href":"https:\/\/detektyw.pl\/index.php\/wp-json\/wp\/v2\/pages\/2048\/revisions"}],"predecessor-version":[{"id":2052,"href":"https:\/\/detektyw.pl\/index.php\/wp-json\/wp\/v2\/pages\/2048\/revisions\/2052"}],"wp:attachment":[{"href":"https:\/\/detektyw.pl\/index.php\/wp-json\/wp\/v2\/media?parent=2048"}],"curies":[{"name":"wp","href":"https:\/\/api.w.org\/{rel}","templated":true}]}}