{"id":1738,"date":"2023-05-04T15:32:30","date_gmt":"2023-05-04T13:32:30","guid":{"rendered":"https:\/\/detektyw.pl\/?page_id=1738"},"modified":"2023-05-09T13:31:23","modified_gmt":"2023-05-09T11:31:23","slug":"wspolpraca","status":"publish","type":"page","link":"https:\/\/detektyw.pl\/index.php\/wspolpraca\/","title":{"rendered":"Wsp\u00f3\u0142praca"},"content":{"rendered":"\t\t<div data-elementor-type=\"wp-page\" data-elementor-id=\"1738\" class=\"elementor elementor-1738\" data-elementor-post-type=\"page\">\n\t\t\t\t\t\t<section class=\"elementor-section elementor-top-section elementor-element elementor-element-37aae5a8 elementor-section-boxed elementor-section-height-default elementor-section-height-default\" data-id=\"37aae5a8\" data-element_type=\"section\" data-e-type=\"section\" data-settings=\"{&quot;background_background&quot;:&quot;video&quot;,&quot;background_video_link&quot;:&quot;http:\\\/\\\/detektyw.pl\\\/wp-content\\\/uploads\\\/2023\\\/05\\\/iStock-1304328310.mp4&quot;,&quot;background_play_on_mobile&quot;:&quot;yes&quot;}\">\n\t\t\t\t\t\t\t\t<div class=\"elementor-background-video-container\">\n\t\t\t\t\t\t\t\t\t\t\t\t\t<video class=\"elementor-background-video-hosted\" role=\"presentation\" autoplay muted playsinline loop><\/video>\n\t\t\t\t\t\t\t\t\t\t\t<\/div>\n\t\t\t\t\t\t\t\t<div class=\"elementor-container elementor-column-gap-default\">\n\t\t\t\t\t<div class=\"elementor-column elementor-col-100 elementor-top-column elementor-element elementor-element-14c965c2\" data-id=\"14c965c2\" data-element_type=\"column\" data-e-type=\"column\">\n\t\t\t<div class=\"elementor-widget-wrap elementor-element-populated\">\n\t\t\t\t\t\t<div class=\"elementor-element elementor-element-55ba30b3 elementor-widget elementor-widget-heading\" data-id=\"55ba30b3\" data-element_type=\"widget\" data-e-type=\"widget\" data-widget_type=\"heading.default\">\n\t\t\t\t<div class=\"elementor-widget-container\">\n\t\t\t\t\t<h1 class=\"elementor-heading-title elementor-size-default\">WSP\u00d3\u0141PRACA<\/h1>\t\t\t\t<\/div>\n\t\t\t\t<\/div>\n\t\t\t\t\t<\/div>\n\t\t<\/div>\n\t\t\t\t\t<\/div>\n\t\t<\/section>\n\t\t\t\t<section class=\"elementor-section elementor-top-section elementor-element elementor-element-5356644 elementor-section-content-middle elementor-section-boxed elementor-section-height-default elementor-section-height-default\" data-id=\"5356644\" data-element_type=\"section\" data-e-type=\"section\" data-settings=\"{&quot;background_background&quot;:&quot;classic&quot;,&quot;shape_divider_top&quot;:&quot;tilt&quot;,&quot;shape_divider_bottom&quot;:&quot;tilt&quot;}\">\n\t\t\t\t\t<div class=\"elementor-shape elementor-shape-top\" aria-hidden=\"true\" data-negative=\"false\">\n\t\t\t<svg xmlns=\"http:\/\/www.w3.org\/2000\/svg\" viewBox=\"0 0 1000 100\" preserveAspectRatio=\"none\">\n\t<path class=\"elementor-shape-fill\" d=\"M0,6V0h1000v100L0,6z\"\/>\n<\/svg>\t\t<\/div>\n\t\t\t\t<div class=\"elementor-shape elementor-shape-bottom\" aria-hidden=\"true\" data-negative=\"false\">\n\t\t\t<svg xmlns=\"http:\/\/www.w3.org\/2000\/svg\" viewBox=\"0 0 1000 100\" preserveAspectRatio=\"none\">\n\t<path class=\"elementor-shape-fill\" d=\"M0,6V0h1000v100L0,6z\"\/>\n<\/svg>\t\t<\/div>\n\t\t\t\t\t<div class=\"elementor-container elementor-column-gap-default\">\n\t\t\t\t\t<div class=\"elementor-column elementor-col-100 elementor-top-column elementor-element elementor-element-ae3455e\" data-id=\"ae3455e\" data-element_type=\"column\" data-e-type=\"column\">\n\t\t\t<div class=\"elementor-widget-wrap elementor-element-populated\">\n\t\t\t\t\t\t<div class=\"elementor-element elementor-element-fcdd28a elementor-widget elementor-widget-heading\" data-id=\"fcdd28a\" data-element_type=\"widget\" data-e-type=\"widget\" data-widget_type=\"heading.default\">\n\t\t\t\t<div class=\"elementor-widget-container\">\n\t\t\t\t\t<h2 class=\"elementor-heading-title elementor-size-default\">Nowe mo\u017cliwo\u015bci<\/h2>\t\t\t\t<\/div>\n\t\t\t\t<\/div>\n\t\t\t\t<div class=\"elementor-element elementor-element-3bb2cfe4 elementor-widget elementor-widget-text-editor\" data-id=\"3bb2cfe4\" data-element_type=\"widget\" data-e-type=\"widget\" data-widget_type=\"text-editor.default\">\n\t\t\t\t<div class=\"elementor-widget-container\">\n\t\t\t\t\t\t\t\t\t<p>Zapraszamy do wsp\u00f3\u0142pracy z Agencj\u0105 Detektywistyczn\u0105 i Konsultingow\u0105 detektyw.pl. Jeste\u015bmy otwarci na wszelkie formy kooperacji, w szczeg\u00f3lno\u015bci za\u015b nawi\u0105\u017cemy wsp\u00f3\u0142prac\u0119\u00a0 z:<\/p><ul><li>detektywami posiadaj\u0105cymi licencj\u0119 zawodow\u0105<\/li><li>asystentami detektywa, w tym osobami chc\u0105cymi uzyska\u0107 licencj\u0119 zawodow\u0105 w tej bran\u017cy<\/li><li>pracownikami ochrony os\u00f3b i mienia<\/li><li>informatykami\/programistami<\/li><li>elektronikami oraz firmami specjalizuj\u0105cymi si\u0119 w instalacji specjalistycznych system\u00f3w technicznej ochrony mienia, system\u00f3w kontroli dost\u0119pu oraz specjalistycznych system\u00f3w obserwacyjnych<\/li><li>szkoleniowcami<\/li><li>podmiotami sprzedaj\u0105cymi specjalistyczny sprz\u0119t detektywistyczny b\u0105d\u017a \u015bwiadcz\u0105cymi us\u0142ugi w jego instalacji<\/li><\/ul><p>Zg\u0142oszenia prosimy kierowa\u0107 na adres email <a href=\"mailto:kontakt@detektyw.pl\">kontakt@detektyw.pl<\/a> wraz z za\u0142\u0105czonym CV oraz podaniem swojego numeru kontaktowego. W przypadku firm prosimy o przes\u0142anie na powy\u017cszego maila swojej oferty wraz z proponowanymi cenami towar\u00f3w b\u0105d\u017a \u015bwiadczonych us\u0142ug oraz wskazaniem osoby do kontaktu (z imienia i nazwiska, telefonu kontaktowego oraz bezpo\u015bredniego adresu mailowego).<\/p><p>\u00a0<\/p>\t\t\t\t\t\t\t\t<\/div>\n\t\t\t\t<\/div>\n\t\t\t\t<div class=\"elementor-element elementor-element-c9119b3 elementor-widget elementor-widget-heading\" data-id=\"c9119b3\" data-element_type=\"widget\" data-e-type=\"widget\" data-widget_type=\"heading.default\">\n\t\t\t\t<div class=\"elementor-widget-container\">\n\t\t\t\t\t<h2 class=\"elementor-heading-title elementor-size-default\">Dlaczego warto z nami wsp\u00f3\u0142pracowa\u0107 ?<\/h2>\t\t\t\t<\/div>\n\t\t\t\t<\/div>\n\t\t\t\t<div class=\"elementor-element elementor-element-2f30f19 elementor-widget elementor-widget-text-editor\" data-id=\"2f30f19\" data-element_type=\"widget\" data-e-type=\"widget\" data-widget_type=\"text-editor.default\">\n\t\t\t\t<div class=\"elementor-widget-container\">\n\t\t\t\t\t\t\t\t\t<p>Posiadamy bogate do\u015bwiadczenie w kompleksowej obs\u0142udze zlece\u0144 detektywistycznych zar\u00f3wno na terenie kraju, jak i poza jego granicami. Szeroki wachlarz realizowanych zlece\u0144 wynika z unikalnego po\u0142\u0105czenia w ramach jednej firmy us\u0142ug detektywistycznych z obs\u0142ug\u0105 prawn\u0105 oraz psychologiczn\u0105, a tak\u017ce windykacj\u0105 poprzedzon\u0105 dokonywaniem ustale\u0144 maj\u0105tkowych d\u0142u\u017cnik\u00f3w. Gwarancj\u0119 sukcesu przy realizacji zlece\u0144 jest wysokiej jako\u015bci kapita\u0142 ludzki w osobach specjalist\u00f3w uczestnicz\u0105cych w procesie wykonywania danego zlecenia oraz wykorzystywanie najnowszych osi\u0105gni\u0119\u0107 techniki. Po\u0142\u0105czenie wskazanych wy\u017cej walor\u00f3w wzmacnia i podnosi skuteczno\u015b\u0107 podejmowanych dzia\u0142a\u0144 detektywistycznych. Prowadz\u0105c od wielu lat kompleksow\u0105 obs\u0142ug\u0119 prawn\u0105, w tym prowadz\u0105c procesy s\u0105dowe, jeste\u015bmy w stanie zadba\u0107 o wysok\u0105 jako\u015b\u0107 wykonywanych w tym zakresie us\u0142ug, w tym zachowa\u0107 szczeg\u00f3ln\u0105 precyzj\u0119 w tworzeniu materia\u0142u dowodowego przygotowywanego na u\u017cytek prowadzonych przez naszych klient\u00f3w proces\u00f3w. Posiadany przez nas potencja\u0142 sprzyja odegraniu kluczowej roli jako podmiotu, zrzeszaj\u0105cego detektyw\u00f3w w ca\u0142ej Europie.<\/p>\t\t\t\t\t\t\t\t<\/div>\n\t\t\t\t<\/div>\n\t\t\t\t\t<\/div>\n\t\t<\/div>\n\t\t\t\t\t<\/div>\n\t\t<\/section>\n\t\t\t\t<section class=\"elementor-section elementor-top-section elementor-element elementor-element-8b5a9c5 elementor-section-boxed elementor-section-height-default elementor-section-height-default\" data-id=\"8b5a9c5\" data-element_type=\"section\" data-e-type=\"section\" data-settings=\"{&quot;background_background&quot;:&quot;classic&quot;,&quot;shape_divider_top&quot;:&quot;tilt&quot;,&quot;shape_divider_bottom&quot;:&quot;tilt&quot;}\">\n\t\t\t\t\t<div class=\"elementor-shape elementor-shape-top\" aria-hidden=\"true\" data-negative=\"false\">\n\t\t\t<svg xmlns=\"http:\/\/www.w3.org\/2000\/svg\" viewBox=\"0 0 1000 100\" preserveAspectRatio=\"none\">\n\t<path class=\"elementor-shape-fill\" d=\"M0,6V0h1000v100L0,6z\"\/>\n<\/svg>\t\t<\/div>\n\t\t\t\t<div class=\"elementor-shape elementor-shape-bottom\" aria-hidden=\"true\" data-negative=\"false\">\n\t\t\t<svg xmlns=\"http:\/\/www.w3.org\/2000\/svg\" viewBox=\"0 0 1000 100\" preserveAspectRatio=\"none\">\n\t<path class=\"elementor-shape-fill\" d=\"M0,6V0h1000v100L0,6z\"\/>\n<\/svg>\t\t<\/div>\n\t\t\t\t\t<div class=\"elementor-container elementor-column-gap-default\">\n\t\t\t\t\t<div class=\"elementor-column elementor-col-100 elementor-top-column elementor-element elementor-element-fe33054\" data-id=\"fe33054\" data-element_type=\"column\" data-e-type=\"column\">\n\t\t\t<div class=\"elementor-widget-wrap elementor-element-populated\">\n\t\t\t\t\t\t<section class=\"elementor-section elementor-inner-section elementor-element elementor-element-3fa4409 elementor-section-boxed elementor-section-height-default elementor-section-height-default\" data-id=\"3fa4409\" data-element_type=\"section\" data-e-type=\"section\" data-settings=\"{&quot;background_background&quot;:&quot;classic&quot;}\">\n\t\t\t\t\t\t<div class=\"elementor-container elementor-column-gap-default\">\n\t\t\t\t\t<div class=\"elementor-column elementor-col-33 elementor-inner-column elementor-element elementor-element-a089792\" data-id=\"a089792\" data-element_type=\"column\" data-e-type=\"column\">\n\t\t\t<div class=\"elementor-widget-wrap elementor-element-populated\">\n\t\t\t\t\t\t<div class=\"elementor-element elementor-element-967b702 elementor-view-stacked elementor-shape-circle elementor-position-block-start elementor-mobile-position-block-start elementor-widget elementor-widget-icon-box\" data-id=\"967b702\" data-element_type=\"widget\" data-e-type=\"widget\" data-widget_type=\"icon-box.default\">\n\t\t\t\t<div class=\"elementor-widget-container\">\n\t\t\t\t\t\t\t<div class=\"elementor-icon-box-wrapper\">\n\n\t\t\t\t\t\t<div class=\"elementor-icon-box-icon\">\n\t\t\t\t<span  class=\"elementor-icon\">\n\t\t\t\t<i aria-hidden=\"true\" class=\"far fa-bell\"><\/i>\t\t\t\t<\/span>\n\t\t\t<\/div>\n\t\t\t\n\t\t\t\t\t\t<div class=\"elementor-icon-box-content\">\n\n\t\t\t\t\t\t\t\t\t<h4 class=\"elementor-icon-box-title\">\n\t\t\t\t\t\t<span  >\n\t\t\t\t\t\t\tNie zwlekaj\t\t\t\t\t\t<\/span>\n\t\t\t\t\t<\/h4>\n\t\t\t\t\n\t\t\t\t\t\t\t\t\t<p class=\"elementor-icon-box-description\">\n\t\t\t\t\t\tczas ucieka \t\t\t\t\t<\/p>\n\t\t\t\t\n\t\t\t<\/div>\n\t\t\t\n\t\t<\/div>\n\t\t\t\t\t\t<\/div>\n\t\t\t\t<\/div>\n\t\t\t\t\t<\/div>\n\t\t<\/div>\n\t\t\t\t<div class=\"elementor-column elementor-col-33 elementor-inner-column elementor-element elementor-element-9915fe6\" data-id=\"9915fe6\" data-element_type=\"column\" data-e-type=\"column\">\n\t\t\t<div class=\"elementor-widget-wrap elementor-element-populated\">\n\t\t\t\t\t\t<div class=\"elementor-element elementor-element-1f914b5 elementor-view-stacked elementor-shape-circle elementor-position-block-start elementor-mobile-position-block-start elementor-widget elementor-widget-icon-box\" data-id=\"1f914b5\" data-element_type=\"widget\" data-e-type=\"widget\" data-widget_type=\"icon-box.default\">\n\t\t\t\t<div class=\"elementor-widget-container\">\n\t\t\t\t\t\t\t<div class=\"elementor-icon-box-wrapper\">\n\n\t\t\t\t\t\t<div class=\"elementor-icon-box-icon\">\n\t\t\t\t<span  class=\"elementor-icon\">\n\t\t\t\t<i aria-hidden=\"true\" class=\"far fa-newspaper\"><\/i>\t\t\t\t<\/span>\n\t\t\t<\/div>\n\t\t\t\n\t\t\t\t\t\t<div class=\"elementor-icon-box-content\">\n\n\t\t\t\t\t\t\t\t\t<h4 class=\"elementor-icon-box-title\">\n\t\t\t\t\t\t<span  >\n\t\t\t\t\t\t\tInformacja\t\t\t\t\t\t<\/span>\n\t\t\t\t\t<\/h4>\n\t\t\t\t\n\t\t\t\t\t\t\t\t\t<p class=\"elementor-icon-box-description\">\n\t\t\t\t\t\tzachowaj wszelkie informacje\t\t\t\t\t<\/p>\n\t\t\t\t\n\t\t\t<\/div>\n\t\t\t\n\t\t<\/div>\n\t\t\t\t\t\t<\/div>\n\t\t\t\t<\/div>\n\t\t\t\t\t<\/div>\n\t\t<\/div>\n\t\t\t\t<div class=\"elementor-column elementor-col-33 elementor-inner-column elementor-element elementor-element-9768f0a\" data-id=\"9768f0a\" data-element_type=\"column\" data-e-type=\"column\">\n\t\t\t<div class=\"elementor-widget-wrap elementor-element-populated\">\n\t\t\t\t\t\t<div class=\"elementor-element elementor-element-1a189e5 elementor-view-stacked elementor-shape-circle elementor-position-block-start elementor-mobile-position-block-start elementor-widget elementor-widget-icon-box\" data-id=\"1a189e5\" data-element_type=\"widget\" data-e-type=\"widget\" data-widget_type=\"icon-box.default\">\n\t\t\t\t<div class=\"elementor-widget-container\">\n\t\t\t\t\t\t\t<div class=\"elementor-icon-box-wrapper\">\n\n\t\t\t\t\t\t<div class=\"elementor-icon-box-icon\">\n\t\t\t\t<span  class=\"elementor-icon\">\n\t\t\t\t<i aria-hidden=\"true\" class=\"far fa-money-bill-alt\"><\/i>\t\t\t\t<\/span>\n\t\t\t<\/div>\n\t\t\t\n\t\t\t\t\t\t<div class=\"elementor-icon-box-content\">\n\n\t\t\t\t\t\t\t\t\t<h4 class=\"elementor-icon-box-title\">\n\t\t\t\t\t\t<span  >\n\t\t\t\t\t\t\tOszczedzaj\t\t\t\t\t\t<\/span>\n\t\t\t\t\t<\/h4>\n\t\t\t\t\n\t\t\t\t\t\t\t\t\t<p class=\"elementor-icon-box-description\">\n\t\t\t\t\t\tczas o pieni\u0105dze\t\t\t\t\t<\/p>\n\t\t\t\t\n\t\t\t<\/div>\n\t\t\t\n\t\t<\/div>\n\t\t\t\t\t\t<\/div>\n\t\t\t\t<\/div>\n\t\t\t\t\t<\/div>\n\t\t<\/div>\n\t\t\t\t\t<\/div>\n\t\t<\/section>\n\t\t\t\t\t<\/div>\n\t\t<\/div>\n\t\t\t\t\t<\/div>\n\t\t<\/section>\n\t\t\t\t<section class=\"elementor-section elementor-top-section elementor-element elementor-element-7c2d98e elementor-section-boxed elementor-section-height-default elementor-section-height-default\" data-id=\"7c2d98e\" data-element_type=\"section\" data-e-type=\"section\" data-settings=\"{&quot;background_background&quot;:&quot;classic&quot;,&quot;shape_divider_top&quot;:&quot;tilt&quot;}\">\n\t\t\t\t\t<div class=\"elementor-shape elementor-shape-top\" aria-hidden=\"true\" data-negative=\"false\">\n\t\t\t<svg xmlns=\"http:\/\/www.w3.org\/2000\/svg\" viewBox=\"0 0 1000 100\" preserveAspectRatio=\"none\">\n\t<path class=\"elementor-shape-fill\" d=\"M0,6V0h1000v100L0,6z\"\/>\n<\/svg>\t\t<\/div>\n\t\t\t\t\t<div class=\"elementor-container elementor-column-gap-default\">\n\t\t\t\t\t<div class=\"elementor-column elementor-col-100 elementor-top-column elementor-element elementor-element-5a5bf01\" data-id=\"5a5bf01\" data-element_type=\"column\" data-e-type=\"column\">\n\t\t\t<div class=\"elementor-widget-wrap elementor-element-populated\">\n\t\t\t\t\t\t<div class=\"elementor-element elementor-element-5644835 elementor-widget elementor-widget-heading\" data-id=\"5644835\" data-element_type=\"widget\" data-e-type=\"widget\" data-widget_type=\"heading.default\">\n\t\t\t\t<div class=\"elementor-widget-container\">\n\t\t\t\t\t<h2 class=\"elementor-heading-title elementor-size-default\">Najwa\u017cniejszy dla nas jest Klient<\/h2>\t\t\t\t<\/div>\n\t\t\t\t<\/div>\n\t\t\t\t<div class=\"elementor-element elementor-element-292922a elementor-widget elementor-widget-text-editor\" data-id=\"292922a\" data-element_type=\"widget\" data-e-type=\"widget\" data-widget_type=\"text-editor.default\">\n\t\t\t\t<div class=\"elementor-widget-container\">\n\t\t\t\t\t\t\t\t\t<p>nie zwlekaj skontaktuj si\u0119 ju\u017c teraz<\/p>\t\t\t\t\t\t\t\t<\/div>\n\t\t\t\t<\/div>\n\t\t\t\t<div class=\"elementor-element elementor-element-f79fdd6 elementor-align-center elementor-widget elementor-widget-button\" data-id=\"f79fdd6\" data-element_type=\"widget\" data-e-type=\"widget\" data-widget_type=\"button.default\">\n\t\t\t\t<div class=\"elementor-widget-container\">\n\t\t\t\t\t\t\t\t\t<div class=\"elementor-button-wrapper\">\n\t\t\t\t\t<a class=\"elementor-button elementor-button-link elementor-size-sm\" href=\"tel:+48512713714\">\n\t\t\t\t\t\t<span class=\"elementor-button-content-wrapper\">\n\t\t\t\t\t\t\t\t\t<span class=\"elementor-button-text\">ZADZWO\u0143<\/span>\n\t\t\t\t\t<\/span>\n\t\t\t\t\t<\/a>\n\t\t\t\t<\/div>\n\t\t\t\t\t\t\t\t<\/div>\n\t\t\t\t<\/div>\n\t\t\t\t\t<\/div>\n\t\t<\/div>\n\t\t\t\t\t<\/div>\n\t\t<\/section>\n\t\t\t\t<\/div>\n\t\t","protected":false},"excerpt":{"rendered":"<p>WSP\u00d3\u0141PRACA Nowe mo\u017cliwo\u015bci Zapraszamy do wsp\u00f3\u0142pracy z Agencj\u0105 Detektywistyczn\u0105 i Konsultingow\u0105 detektyw.pl. Jeste\u015bmy otwarci na wszelkie formy kooperacji, w szczeg\u00f3lno\u015bci za\u015b nawi\u0105\u017cemy wsp\u00f3\u0142prac\u0119\u00a0 z: detektywami posiadaj\u0105cymi licencj\u0119 zawodow\u0105 asystentami detektywa, w tym osobami chc\u0105cymi uzyska\u0107 licencj\u0119 zawodow\u0105 w tej bran\u017cy pracownikami ochrony os\u00f3b i mienia informatykami\/programistami elektronikami oraz firmami specjalizuj\u0105cymi si\u0119 w instalacji specjalistycznych system\u00f3w&#8230;<\/p>\n","protected":false},"author":1,"featured_media":0,"parent":0,"menu_order":0,"comment_status":"closed","ping_status":"closed","template":"","meta":{"_kad_post_transparent":"","_kad_post_title":"hide","_kad_post_layout":"fullwidth","_kad_post_sidebar_id":"","_kad_post_content_style":"unboxed","_kad_post_vertical_padding":"hide","_kad_post_feature":"hide","_kad_post_feature_position":"","_kad_post_header":false,"_kad_post_footer":false,"footnotes":""},"class_list":["post-1738","page","type-page","status-publish","hentry"],"yoast_head":"<!-- This site is optimized with the Yoast SEO plugin v27.5 - https:\/\/yoast.com\/product\/yoast-seo-wordpress\/ -->\n<title>Wsp\u00f3\u0142praca - detektyw.pl<\/title>\n<meta name=\"robots\" content=\"index, follow, max-snippet:-1, max-image-preview:large, max-video-preview:-1\" \/>\n<link rel=\"canonical\" href=\"https:\/\/detektyw.pl\/index.php\/wspolpraca\/\" \/>\n<meta property=\"og:locale\" content=\"pl_PL\" \/>\n<meta property=\"og:type\" content=\"article\" \/>\n<meta property=\"og:title\" content=\"Wsp\u00f3\u0142praca - detektyw.pl\" \/>\n<meta property=\"og:description\" content=\"WSP\u00d3\u0141PRACA Nowe mo\u017cliwo\u015bci Zapraszamy do wsp\u00f3\u0142pracy z Agencj\u0105 Detektywistyczn\u0105 i Konsultingow\u0105 detektyw.pl. Jeste\u015bmy otwarci na wszelkie formy kooperacji, w szczeg\u00f3lno\u015bci za\u015b nawi\u0105\u017cemy wsp\u00f3\u0142prac\u0119\u00a0 z: detektywami posiadaj\u0105cymi licencj\u0119 zawodow\u0105 asystentami detektywa, w tym osobami chc\u0105cymi uzyska\u0107 licencj\u0119 zawodow\u0105 w tej bran\u017cy pracownikami ochrony os\u00f3b i mienia informatykami\/programistami elektronikami oraz firmami specjalizuj\u0105cymi si\u0119 w instalacji specjalistycznych system\u00f3w...\" \/>\n<meta property=\"og:url\" content=\"https:\/\/detektyw.pl\/index.php\/wspolpraca\/\" \/>\n<meta property=\"og:site_name\" content=\"detektyw.pl\" \/>\n<meta property=\"article:publisher\" content=\"https:\/\/www.facebook.com\/100089700483679\" \/>\n<meta property=\"article:modified_time\" content=\"2023-05-09T11:31:23+00:00\" \/>\n<meta name=\"twitter:card\" content=\"summary_large_image\" \/>\n<meta name=\"twitter:label1\" content=\"Szacowany czas czytania\" \/>\n\t<meta name=\"twitter:data1\" content=\"2 minuty\" \/>\n<script type=\"application\/ld+json\" class=\"yoast-schema-graph\">{\"@context\":\"https:\\\/\\\/schema.org\",\"@graph\":[{\"@type\":\"WebPage\",\"@id\":\"https:\\\/\\\/detektyw.pl\\\/index.php\\\/wspolpraca\\\/\",\"url\":\"https:\\\/\\\/detektyw.pl\\\/index.php\\\/wspolpraca\\\/\",\"name\":\"Wsp\u00f3\u0142praca - detektyw.pl\",\"isPartOf\":{\"@id\":\"https:\\\/\\\/detektyw.pl\\\/#website\"},\"datePublished\":\"2023-05-04T13:32:30+00:00\",\"dateModified\":\"2023-05-09T11:31:23+00:00\",\"breadcrumb\":{\"@id\":\"https:\\\/\\\/detektyw.pl\\\/index.php\\\/wspolpraca\\\/#breadcrumb\"},\"inLanguage\":\"pl-PL\",\"potentialAction\":[{\"@type\":\"ReadAction\",\"target\":[\"https:\\\/\\\/detektyw.pl\\\/index.php\\\/wspolpraca\\\/\"]}]},{\"@type\":\"BreadcrumbList\",\"@id\":\"https:\\\/\\\/detektyw.pl\\\/index.php\\\/wspolpraca\\\/#breadcrumb\",\"itemListElement\":[{\"@type\":\"ListItem\",\"position\":1,\"name\":\"Strona g\u0142\u00f3wna\",\"item\":\"https:\\\/\\\/detektyw.pl\\\/\"},{\"@type\":\"ListItem\",\"position\":2,\"name\":\"Wsp\u00f3\u0142praca\"}]},{\"@type\":\"WebSite\",\"@id\":\"https:\\\/\\\/detektyw.pl\\\/#website\",\"url\":\"https:\\\/\\\/detektyw.pl\\\/\",\"name\":\"detektyw.pl\",\"description\":\"AGENCJA DETEKTYWISTYCZNA I KONSULTINGOWA\",\"publisher\":{\"@id\":\"https:\\\/\\\/detektyw.pl\\\/#organization\"},\"potentialAction\":[{\"@type\":\"SearchAction\",\"target\":{\"@type\":\"EntryPoint\",\"urlTemplate\":\"https:\\\/\\\/detektyw.pl\\\/?s={search_term_string}\"},\"query-input\":{\"@type\":\"PropertyValueSpecification\",\"valueRequired\":true,\"valueName\":\"search_term_string\"}}],\"inLanguage\":\"pl-PL\"},{\"@type\":\"Organization\",\"@id\":\"https:\\\/\\\/detektyw.pl\\\/#organization\",\"name\":\"detektyw.pl\",\"url\":\"https:\\\/\\\/detektyw.pl\\\/\",\"logo\":{\"@type\":\"ImageObject\",\"inLanguage\":\"pl-PL\",\"@id\":\"https:\\\/\\\/detektyw.pl\\\/#\\\/schema\\\/logo\\\/image\\\/\",\"url\":\"https:\\\/\\\/detektyw.pl\\\/wp-content\\\/uploads\\\/2023\\\/04\\\/xlogo.webp\",\"contentUrl\":\"https:\\\/\\\/detektyw.pl\\\/wp-content\\\/uploads\\\/2023\\\/04\\\/xlogo.webp\",\"width\":240,\"height\":79,\"caption\":\"detektyw.pl\"},\"image\":{\"@id\":\"https:\\\/\\\/detektyw.pl\\\/#\\\/schema\\\/logo\\\/image\\\/\"},\"sameAs\":[\"https:\\\/\\\/www.facebook.com\\\/100089700483679\"]}]}<\/script>\n<!-- \/ Yoast SEO plugin. -->","yoast_head_json":{"title":"Wsp\u00f3\u0142praca - detektyw.pl","robots":{"index":"index","follow":"follow","max-snippet":"max-snippet:-1","max-image-preview":"max-image-preview:large","max-video-preview":"max-video-preview:-1"},"canonical":"https:\/\/detektyw.pl\/index.php\/wspolpraca\/","og_locale":"pl_PL","og_type":"article","og_title":"Wsp\u00f3\u0142praca - detektyw.pl","og_description":"WSP\u00d3\u0141PRACA Nowe mo\u017cliwo\u015bci Zapraszamy do wsp\u00f3\u0142pracy z Agencj\u0105 Detektywistyczn\u0105 i Konsultingow\u0105 detektyw.pl. Jeste\u015bmy otwarci na wszelkie formy kooperacji, w szczeg\u00f3lno\u015bci za\u015b nawi\u0105\u017cemy wsp\u00f3\u0142prac\u0119\u00a0 z: detektywami posiadaj\u0105cymi licencj\u0119 zawodow\u0105 asystentami detektywa, w tym osobami chc\u0105cymi uzyska\u0107 licencj\u0119 zawodow\u0105 w tej bran\u017cy pracownikami ochrony os\u00f3b i mienia informatykami\/programistami elektronikami oraz firmami specjalizuj\u0105cymi si\u0119 w instalacji specjalistycznych system\u00f3w...","og_url":"https:\/\/detektyw.pl\/index.php\/wspolpraca\/","og_site_name":"detektyw.pl","article_publisher":"https:\/\/www.facebook.com\/100089700483679","article_modified_time":"2023-05-09T11:31:23+00:00","twitter_card":"summary_large_image","twitter_misc":{"Szacowany czas czytania":"2 minuty"},"schema":{"@context":"https:\/\/schema.org","@graph":[{"@type":"WebPage","@id":"https:\/\/detektyw.pl\/index.php\/wspolpraca\/","url":"https:\/\/detektyw.pl\/index.php\/wspolpraca\/","name":"Wsp\u00f3\u0142praca - detektyw.pl","isPartOf":{"@id":"https:\/\/detektyw.pl\/#website"},"datePublished":"2023-05-04T13:32:30+00:00","dateModified":"2023-05-09T11:31:23+00:00","breadcrumb":{"@id":"https:\/\/detektyw.pl\/index.php\/wspolpraca\/#breadcrumb"},"inLanguage":"pl-PL","potentialAction":[{"@type":"ReadAction","target":["https:\/\/detektyw.pl\/index.php\/wspolpraca\/"]}]},{"@type":"BreadcrumbList","@id":"https:\/\/detektyw.pl\/index.php\/wspolpraca\/#breadcrumb","itemListElement":[{"@type":"ListItem","position":1,"name":"Strona g\u0142\u00f3wna","item":"https:\/\/detektyw.pl\/"},{"@type":"ListItem","position":2,"name":"Wsp\u00f3\u0142praca"}]},{"@type":"WebSite","@id":"https:\/\/detektyw.pl\/#website","url":"https:\/\/detektyw.pl\/","name":"detektyw.pl","description":"AGENCJA DETEKTYWISTYCZNA I KONSULTINGOWA","publisher":{"@id":"https:\/\/detektyw.pl\/#organization"},"potentialAction":[{"@type":"SearchAction","target":{"@type":"EntryPoint","urlTemplate":"https:\/\/detektyw.pl\/?s={search_term_string}"},"query-input":{"@type":"PropertyValueSpecification","valueRequired":true,"valueName":"search_term_string"}}],"inLanguage":"pl-PL"},{"@type":"Organization","@id":"https:\/\/detektyw.pl\/#organization","name":"detektyw.pl","url":"https:\/\/detektyw.pl\/","logo":{"@type":"ImageObject","inLanguage":"pl-PL","@id":"https:\/\/detektyw.pl\/#\/schema\/logo\/image\/","url":"https:\/\/detektyw.pl\/wp-content\/uploads\/2023\/04\/xlogo.webp","contentUrl":"https:\/\/detektyw.pl\/wp-content\/uploads\/2023\/04\/xlogo.webp","width":240,"height":79,"caption":"detektyw.pl"},"image":{"@id":"https:\/\/detektyw.pl\/#\/schema\/logo\/image\/"},"sameAs":["https:\/\/www.facebook.com\/100089700483679"]}]}},"_links":{"self":[{"href":"https:\/\/detektyw.pl\/index.php\/wp-json\/wp\/v2\/pages\/1738","targetHints":{"allow":["GET"]}}],"collection":[{"href":"https:\/\/detektyw.pl\/index.php\/wp-json\/wp\/v2\/pages"}],"about":[{"href":"https:\/\/detektyw.pl\/index.php\/wp-json\/wp\/v2\/types\/page"}],"author":[{"embeddable":true,"href":"https:\/\/detektyw.pl\/index.php\/wp-json\/wp\/v2\/users\/1"}],"replies":[{"embeddable":true,"href":"https:\/\/detektyw.pl\/index.php\/wp-json\/wp\/v2\/comments?post=1738"}],"version-history":[{"count":73,"href":"https:\/\/detektyw.pl\/index.php\/wp-json\/wp\/v2\/pages\/1738\/revisions"}],"predecessor-version":[{"id":2522,"href":"https:\/\/detektyw.pl\/index.php\/wp-json\/wp\/v2\/pages\/1738\/revisions\/2522"}],"wp:attachment":[{"href":"https:\/\/detektyw.pl\/index.php\/wp-json\/wp\/v2\/media?parent=1738"}],"curies":[{"name":"wp","href":"https:\/\/api.w.org\/{rel}","templated":true}]}}