{"id":1510,"date":"2023-05-04T13:16:53","date_gmt":"2023-05-04T11:16:53","guid":{"rendered":"https:\/\/detektyw.pl\/?page_id=1510"},"modified":"2023-05-09T13:40:22","modified_gmt":"2023-05-09T11:40:22","slug":"opiniowanie","status":"publish","type":"page","link":"https:\/\/detektyw.pl\/index.php\/opiniowanie\/","title":{"rendered":"OPINIOWANIE"},"content":{"rendered":"\t\t<div data-elementor-type=\"wp-page\" data-elementor-id=\"1510\" class=\"elementor elementor-1510\" data-elementor-post-type=\"page\">\n\t\t\t\t\t\t<section class=\"elementor-section elementor-top-section elementor-element elementor-element-feb62aa elementor-section-boxed elementor-section-height-default elementor-section-height-default\" data-id=\"feb62aa\" data-element_type=\"section\" data-e-type=\"section\" data-settings=\"{&quot;background_background&quot;:&quot;slideshow&quot;,&quot;background_slideshow_gallery&quot;:[{&quot;id&quot;:1924,&quot;url&quot;:&quot;http:\\\/\\\/detektyw.pl\\\/wp-content\\\/uploads\\\/2023\\\/05\\\/iStock-1137593845.jpg&quot;}],&quot;background_slideshow_loop&quot;:&quot;yes&quot;,&quot;background_slideshow_slide_duration&quot;:5000,&quot;background_slideshow_slide_transition&quot;:&quot;fade&quot;,&quot;background_slideshow_transition_duration&quot;:500}\">\n\t\t\t\t\t\t<div class=\"elementor-container elementor-column-gap-default\">\n\t\t\t\t\t<div class=\"elementor-column elementor-col-100 elementor-top-column elementor-element elementor-element-1b1d37a\" data-id=\"1b1d37a\" data-element_type=\"column\" data-e-type=\"column\">\n\t\t\t<div class=\"elementor-widget-wrap elementor-element-populated\">\n\t\t\t\t\t\t<div class=\"elementor-element elementor-element-ccde2d9 elementor-widget elementor-widget-heading\" data-id=\"ccde2d9\" data-element_type=\"widget\" data-e-type=\"widget\" data-widget_type=\"heading.default\">\n\t\t\t\t<div class=\"elementor-widget-container\">\n\t\t\t\t\t<h1 class=\"elementor-heading-title elementor-size-default\">OPINIOWANIE<\/h1>\t\t\t\t<\/div>\n\t\t\t\t<\/div>\n\t\t\t\t\t<\/div>\n\t\t<\/div>\n\t\t\t\t\t<\/div>\n\t\t<\/section>\n\t\t\t\t<section class=\"elementor-section elementor-top-section elementor-element elementor-element-5f94d91 elementor-section-content-middle elementor-section-boxed elementor-section-height-default elementor-section-height-default\" data-id=\"5f94d91\" data-element_type=\"section\" data-e-type=\"section\" data-settings=\"{&quot;background_background&quot;:&quot;classic&quot;,&quot;shape_divider_top&quot;:&quot;tilt&quot;,&quot;shape_divider_bottom&quot;:&quot;tilt&quot;}\">\n\t\t\t\t\t<div class=\"elementor-shape elementor-shape-top\" aria-hidden=\"true\" data-negative=\"false\">\n\t\t\t<svg xmlns=\"http:\/\/www.w3.org\/2000\/svg\" viewBox=\"0 0 1000 100\" preserveAspectRatio=\"none\">\n\t<path class=\"elementor-shape-fill\" d=\"M0,6V0h1000v100L0,6z\"\/>\n<\/svg>\t\t<\/div>\n\t\t\t\t<div class=\"elementor-shape elementor-shape-bottom\" aria-hidden=\"true\" data-negative=\"false\">\n\t\t\t<svg xmlns=\"http:\/\/www.w3.org\/2000\/svg\" viewBox=\"0 0 1000 100\" preserveAspectRatio=\"none\">\n\t<path class=\"elementor-shape-fill\" d=\"M0,6V0h1000v100L0,6z\"\/>\n<\/svg>\t\t<\/div>\n\t\t\t\t\t<div class=\"elementor-container elementor-column-gap-default\">\n\t\t\t\t\t<div class=\"elementor-column elementor-col-100 elementor-top-column elementor-element elementor-element-e9bac44\" data-id=\"e9bac44\" data-element_type=\"column\" data-e-type=\"column\">\n\t\t\t<div class=\"elementor-widget-wrap elementor-element-populated\">\n\t\t\t\t\t\t<div class=\"elementor-element elementor-element-32ac779 elementor-widget elementor-widget-heading\" data-id=\"32ac779\" data-element_type=\"widget\" data-e-type=\"widget\" data-widget_type=\"heading.default\">\n\t\t\t\t<div class=\"elementor-widget-container\">\n\t\t\t\t\t<h2 class=\"elementor-heading-title elementor-size-default\"><strong>Warto zrobi\u0107 opini\u0119<\/strong><\/h2>\t\t\t\t<\/div>\n\t\t\t\t<\/div>\n\t\t\t\t<div class=\"elementor-element elementor-element-fe3eef8 elementor-widget elementor-widget-text-editor\" data-id=\"fe3eef8\" data-element_type=\"widget\" data-e-type=\"widget\" data-widget_type=\"text-editor.default\">\n\t\t\t\t<div class=\"elementor-widget-container\">\n\t\t\t\t\t\t\t\t\t<p>Opinia jest pogl\u0105dem danego podmiotu w okre\u015blonej sprawie. Ekspertyza jest natomiast specjalistycznym badaniem w okre\u015blonej dziedzinie, przeprowadzanym przez ekspert\u00f3w. Oba te poj\u0119cia w praktyce zmierzaj\u0105 do przygotowania przez podmiot posiadaj\u0105cy wiedz\u0119 specjalistyczn\u0105 dokumentu, kt\u00f3ry b\u0119dzie m\u00f3g\u0142 zosta\u0107 wykorzystany w prowadzonej sprawie. Opinia nabiera szczeg\u00f3lnego znaczenia w\u00f3wczas, gdy jest przygotowana przez podmiot wyspecjalizowany w zakresie, kt\u00f3rego dotyczy. Podmiotem takim jest najcz\u0119\u015bciej bieg\u0142y, w tym r\u00f3wnie\u017c bieg\u0142y s\u0105dowy. Opinie bieg\u0142ych\u00a0s\u0105 niezwykle przydatne dla ustalenia okoliczno\u015bci, kt\u00f3re s\u0105 niemo\u017cliwe do stwierdzenia dla s\u0105du czy prokuratora, z uwagi na to, \u017ce nie posiadaj\u0105 oni niezb\u0119dnej wiedzy specjalistycznej. W praktyce dow\u00f3d ten cz\u0119sto jest oceniany przez s\u0119dzi\u00f3w jako rzetelny i niebudz\u0105cy w\u0105tpliwo\u015bci, kt\u00f3ry przes\u0105dza o rozstrzygni\u0119ciu procesu.<\/p><p>Zesp\u00f3\u0142 www.detektyw.pl dysponuje mo\u017cliwo\u015bciami kadrowymi i technicznymi do sporz\u0105dzania specjalistycznych opinii i ekspertyz z zakresu wielu szczeg\u00f3\u0142owych dziedzin, mog\u0105cych pom\u00f3c w rozwi\u0105zaniu powierzonej przez klienta sprawy. Dokument taki z jednej strony mo\u017ce stanowi\u0107 wsparcie dla prowadzonych czynno\u015bci detektywistycznych czy prawnych, z drugiej za\u015b mo\u017ce stanowi\u0107 cenny materia\u0142 dowodowy w prowadzonych przez zleceniodawc\u00f3w procesach s\u0105dowych. Uwa\u017cany jest za cenne \u017ar\u00f3d\u0142o informacji, mog\u0105c wp\u0142ywa\u0107 na przyj\u0119t\u0105 lini\u0119 obrony b\u0105d\u017a jej modyfikacj\u0119. Mo\u017ce te\u017c stanowi\u0107 poparcie przyj\u0119tej w procesie argumentacji, b\u0105d\u017a te\u017c da\u0107 nowe spojrzenie w ju\u017c tocz\u0105cym si\u0119 procesie oraz otworzy\u0107 mo\u017cliwo\u015b\u0107 z\u0142o\u017cenia nowych wniosk\u00f3w dowodowych, a co za tym idzie przes\u0105dzi\u0107 o wyniku sprawy.<\/p><p>\u00a0Do najcz\u0119\u015bciej przygotowywanych przez <a href=\"http:\/\/www.detektyw.pl\">www.detektyw.pl<\/a> nale\u017c\u0105 opinie z dziedziny:<\/p><ul><li>medycyny<\/li><li>psychologii<\/li><li>psychiatrii<\/li><li>toksykologii<\/li><li>kryminalistyki<\/li><\/ul><p>W sprawach s\u0105dowych coraz cz\u0119\u015bciej jako dow\u00f3d dopuszczane s\u0105 opinie sporz\u0105dzane przez specjalist\u00f3w nie b\u0119d\u0105cych sta\u0142ymi bieg\u0142ymi s\u0105dowymi. Dotyczy to opinii wykonywanych na zlecenie s\u0105du czy prokuratury zar\u00f3wno w sytuacji gdy brak jest profesjonalist\u00f3w danej specjalno\u015bci na li\u015bcie bieg\u0142ych s\u0105dowych, jak i gdy terminy wykonania takiej opinii przez bieg\u0142ego s\u0105dowego s\u0105 nazbyt odleg\u0142e. S\u0105dy dopuszczaj\u0105 jako dow\u00f3d r\u00f3wnie\u017c opinie prywatne, wykonane przez specjalist\u00f3w na zlecenie strony procesu, dla potrzeb tocz\u0105cego si\u0119 post\u0119powania.<\/p><p>\u00a0<\/p><p>Nasi eksperci, legitymuj\u0105cy si\u0119 odpowiednim wykszta\u0142ceniem i wiedz\u0105 specjalistyczn\u0105, przygotuj\u0105 niezb\u0119dne Ci opinie i ekspertyzy ze wskazanych wy\u017cej dziedzin. Istnieje tak\u017ce mo\u017cliwo\u015b\u0107 indywidualnego podej\u015bcia do ka\u017cdej sprawy i zlecenie sporz\u0105dzenia opinii w dziedzinach, kt\u00f3rych tu nie wymieniono.<\/p><p>Ka\u017cdorazowo zlecone dokumenty zostan\u0105 sporz\u0105dzone przez <a href=\"http:\/\/www.detektyw.pl\">www.detektyw.pl<\/a> z najwy\u017csz\u0105 staranno\u015bci\u0105 i b\u0119d\u0105 mog\u0142y stanowi\u0107 dow\u00f3d maj\u0105cy znaczenie faktyczne i prawne w prowadzonych przez Ciebie sprawach.<\/p><p>\u00a0<\/p>\t\t\t\t\t\t\t\t<\/div>\n\t\t\t\t<\/div>\n\t\t\t\t\t<\/div>\n\t\t<\/div>\n\t\t\t\t\t<\/div>\n\t\t<\/section>\n\t\t\t\t<section class=\"elementor-section elementor-top-section elementor-element elementor-element-3919d64d elementor-section-boxed elementor-section-height-default elementor-section-height-default\" data-id=\"3919d64d\" data-element_type=\"section\" data-e-type=\"section\" data-settings=\"{&quot;background_background&quot;:&quot;classic&quot;,&quot;shape_divider_top&quot;:&quot;tilt&quot;,&quot;shape_divider_bottom&quot;:&quot;tilt&quot;}\">\n\t\t\t\t\t<div class=\"elementor-shape elementor-shape-top\" aria-hidden=\"true\" data-negative=\"false\">\n\t\t\t<svg xmlns=\"http:\/\/www.w3.org\/2000\/svg\" viewBox=\"0 0 1000 100\" preserveAspectRatio=\"none\">\n\t<path class=\"elementor-shape-fill\" d=\"M0,6V0h1000v100L0,6z\"\/>\n<\/svg>\t\t<\/div>\n\t\t\t\t<div class=\"elementor-shape elementor-shape-bottom\" aria-hidden=\"true\" data-negative=\"false\">\n\t\t\t<svg xmlns=\"http:\/\/www.w3.org\/2000\/svg\" viewBox=\"0 0 1000 100\" preserveAspectRatio=\"none\">\n\t<path class=\"elementor-shape-fill\" d=\"M0,6V0h1000v100L0,6z\"\/>\n<\/svg>\t\t<\/div>\n\t\t\t\t\t<div class=\"elementor-container elementor-column-gap-default\">\n\t\t\t\t\t<div class=\"elementor-column elementor-col-100 elementor-top-column elementor-element elementor-element-15bca928\" data-id=\"15bca928\" data-element_type=\"column\" data-e-type=\"column\">\n\t\t\t<div class=\"elementor-widget-wrap elementor-element-populated\">\n\t\t\t\t\t\t<section class=\"elementor-section elementor-inner-section elementor-element elementor-element-7c71058d elementor-section-boxed elementor-section-height-default elementor-section-height-default\" data-id=\"7c71058d\" data-element_type=\"section\" data-e-type=\"section\" data-settings=\"{&quot;background_background&quot;:&quot;classic&quot;}\">\n\t\t\t\t\t\t<div class=\"elementor-container elementor-column-gap-default\">\n\t\t\t\t\t<div class=\"elementor-column elementor-col-33 elementor-inner-column elementor-element elementor-element-50dcebb1\" data-id=\"50dcebb1\" data-element_type=\"column\" data-e-type=\"column\">\n\t\t\t<div class=\"elementor-widget-wrap elementor-element-populated\">\n\t\t\t\t\t\t<div class=\"elementor-element elementor-element-785a86fd elementor-view-stacked elementor-shape-circle elementor-position-block-start elementor-mobile-position-block-start elementor-widget elementor-widget-icon-box\" data-id=\"785a86fd\" data-element_type=\"widget\" data-e-type=\"widget\" data-widget_type=\"icon-box.default\">\n\t\t\t\t<div class=\"elementor-widget-container\">\n\t\t\t\t\t\t\t<div class=\"elementor-icon-box-wrapper\">\n\n\t\t\t\t\t\t<div class=\"elementor-icon-box-icon\">\n\t\t\t\t<span  class=\"elementor-icon\">\n\t\t\t\t<i aria-hidden=\"true\" class=\"far fa-bell\"><\/i>\t\t\t\t<\/span>\n\t\t\t<\/div>\n\t\t\t\n\t\t\t\t\t\t<div class=\"elementor-icon-box-content\">\n\n\t\t\t\t\t\t\t\t\t<h4 class=\"elementor-icon-box-title\">\n\t\t\t\t\t\t<span  >\n\t\t\t\t\t\t\tNie zwlekaj\t\t\t\t\t\t<\/span>\n\t\t\t\t\t<\/h4>\n\t\t\t\t\n\t\t\t\t\t\t\t\t\t<p class=\"elementor-icon-box-description\">\n\t\t\t\t\t\tczas ucieka \t\t\t\t\t<\/p>\n\t\t\t\t\n\t\t\t<\/div>\n\t\t\t\n\t\t<\/div>\n\t\t\t\t\t\t<\/div>\n\t\t\t\t<\/div>\n\t\t\t\t\t<\/div>\n\t\t<\/div>\n\t\t\t\t<div class=\"elementor-column elementor-col-33 elementor-inner-column elementor-element elementor-element-571516fc\" data-id=\"571516fc\" data-element_type=\"column\" data-e-type=\"column\">\n\t\t\t<div class=\"elementor-widget-wrap elementor-element-populated\">\n\t\t\t\t\t\t<div class=\"elementor-element elementor-element-7cd14711 elementor-view-stacked elementor-shape-circle elementor-position-block-start elementor-mobile-position-block-start elementor-widget elementor-widget-icon-box\" data-id=\"7cd14711\" data-element_type=\"widget\" data-e-type=\"widget\" data-widget_type=\"icon-box.default\">\n\t\t\t\t<div class=\"elementor-widget-container\">\n\t\t\t\t\t\t\t<div class=\"elementor-icon-box-wrapper\">\n\n\t\t\t\t\t\t<div class=\"elementor-icon-box-icon\">\n\t\t\t\t<span  class=\"elementor-icon\">\n\t\t\t\t<i aria-hidden=\"true\" class=\"far fa-newspaper\"><\/i>\t\t\t\t<\/span>\n\t\t\t<\/div>\n\t\t\t\n\t\t\t\t\t\t<div class=\"elementor-icon-box-content\">\n\n\t\t\t\t\t\t\t\t\t<h4 class=\"elementor-icon-box-title\">\n\t\t\t\t\t\t<span  >\n\t\t\t\t\t\t\tInformacja\t\t\t\t\t\t<\/span>\n\t\t\t\t\t<\/h4>\n\t\t\t\t\n\t\t\t\t\t\t\t\t\t<p class=\"elementor-icon-box-description\">\n\t\t\t\t\t\tzachowaj wszelkie informacje\t\t\t\t\t<\/p>\n\t\t\t\t\n\t\t\t<\/div>\n\t\t\t\n\t\t<\/div>\n\t\t\t\t\t\t<\/div>\n\t\t\t\t<\/div>\n\t\t\t\t\t<\/div>\n\t\t<\/div>\n\t\t\t\t<div class=\"elementor-column elementor-col-33 elementor-inner-column elementor-element elementor-element-1e5076f6\" data-id=\"1e5076f6\" data-element_type=\"column\" data-e-type=\"column\">\n\t\t\t<div class=\"elementor-widget-wrap elementor-element-populated\">\n\t\t\t\t\t\t<div class=\"elementor-element elementor-element-3e42b48b elementor-view-stacked elementor-shape-circle elementor-position-block-start elementor-mobile-position-block-start elementor-widget elementor-widget-icon-box\" data-id=\"3e42b48b\" data-element_type=\"widget\" data-e-type=\"widget\" data-widget_type=\"icon-box.default\">\n\t\t\t\t<div class=\"elementor-widget-container\">\n\t\t\t\t\t\t\t<div class=\"elementor-icon-box-wrapper\">\n\n\t\t\t\t\t\t<div class=\"elementor-icon-box-icon\">\n\t\t\t\t<span  class=\"elementor-icon\">\n\t\t\t\t<i aria-hidden=\"true\" class=\"far fa-money-bill-alt\"><\/i>\t\t\t\t<\/span>\n\t\t\t<\/div>\n\t\t\t\n\t\t\t\t\t\t<div class=\"elementor-icon-box-content\">\n\n\t\t\t\t\t\t\t\t\t<h4 class=\"elementor-icon-box-title\">\n\t\t\t\t\t\t<span  >\n\t\t\t\t\t\t\tOszcz\u0119dzaj\t\t\t\t\t\t<\/span>\n\t\t\t\t\t<\/h4>\n\t\t\t\t\n\t\t\t\t\t\t\t\t\t<p class=\"elementor-icon-box-description\">\n\t\t\t\t\t\tczas to pieni\u0105dze\t\t\t\t\t<\/p>\n\t\t\t\t\n\t\t\t<\/div>\n\t\t\t\n\t\t<\/div>\n\t\t\t\t\t\t<\/div>\n\t\t\t\t<\/div>\n\t\t\t\t\t<\/div>\n\t\t<\/div>\n\t\t\t\t\t<\/div>\n\t\t<\/section>\n\t\t\t\t\t<\/div>\n\t\t<\/div>\n\t\t\t\t\t<\/div>\n\t\t<\/section>\n\t\t\t\t<section class=\"elementor-section elementor-top-section elementor-element elementor-element-10848b5e elementor-section-boxed elementor-section-height-default elementor-section-height-default\" data-id=\"10848b5e\" data-element_type=\"section\" data-e-type=\"section\" data-settings=\"{&quot;background_background&quot;:&quot;classic&quot;,&quot;shape_divider_top&quot;:&quot;tilt&quot;}\">\n\t\t\t\t\t<div class=\"elementor-shape elementor-shape-top\" aria-hidden=\"true\" data-negative=\"false\">\n\t\t\t<svg xmlns=\"http:\/\/www.w3.org\/2000\/svg\" viewBox=\"0 0 1000 100\" preserveAspectRatio=\"none\">\n\t<path class=\"elementor-shape-fill\" d=\"M0,6V0h1000v100L0,6z\"\/>\n<\/svg>\t\t<\/div>\n\t\t\t\t\t<div class=\"elementor-container elementor-column-gap-default\">\n\t\t\t\t\t<div class=\"elementor-column elementor-col-100 elementor-top-column elementor-element elementor-element-39dacce2\" data-id=\"39dacce2\" data-element_type=\"column\" data-e-type=\"column\">\n\t\t\t<div class=\"elementor-widget-wrap elementor-element-populated\">\n\t\t\t\t\t\t<div class=\"elementor-element elementor-element-54cee814 elementor-widget elementor-widget-heading\" data-id=\"54cee814\" data-element_type=\"widget\" data-e-type=\"widget\" data-widget_type=\"heading.default\">\n\t\t\t\t<div class=\"elementor-widget-container\">\n\t\t\t\t\t<h2 class=\"elementor-heading-title elementor-size-default\">Najwa\u017cniejszy dla nas jest Klient<\/h2>\t\t\t\t<\/div>\n\t\t\t\t<\/div>\n\t\t\t\t<div class=\"elementor-element elementor-element-38bf01c8 elementor-widget elementor-widget-text-editor\" data-id=\"38bf01c8\" data-element_type=\"widget\" data-e-type=\"widget\" data-widget_type=\"text-editor.default\">\n\t\t\t\t<div class=\"elementor-widget-container\">\n\t\t\t\t\t\t\t\t\t<p>nie zwlekaj skontaktuj si\u0119 ju\u017c teraz<\/p>\t\t\t\t\t\t\t\t<\/div>\n\t\t\t\t<\/div>\n\t\t\t\t<div class=\"elementor-element elementor-element-657cb8cf elementor-align-center elementor-widget elementor-widget-button\" data-id=\"657cb8cf\" data-element_type=\"widget\" data-e-type=\"widget\" data-widget_type=\"button.default\">\n\t\t\t\t<div class=\"elementor-widget-container\">\n\t\t\t\t\t\t\t\t\t<div class=\"elementor-button-wrapper\">\n\t\t\t\t\t<a class=\"elementor-button elementor-button-link elementor-size-sm\" href=\"tel:+48512713714\">\n\t\t\t\t\t\t<span class=\"elementor-button-content-wrapper\">\n\t\t\t\t\t\t\t\t\t<span class=\"elementor-button-text\">ZADZWO\u0143<\/span>\n\t\t\t\t\t<\/span>\n\t\t\t\t\t<\/a>\n\t\t\t\t<\/div>\n\t\t\t\t\t\t\t\t<\/div>\n\t\t\t\t<\/div>\n\t\t\t\t\t<\/div>\n\t\t<\/div>\n\t\t\t\t\t<\/div>\n\t\t<\/section>\n\t\t\t\t<\/div>\n\t\t","protected":false},"excerpt":{"rendered":"<p>OPINIOWANIE Warto zrobi\u0107 opini\u0119 Opinia jest pogl\u0105dem danego podmiotu w okre\u015blonej sprawie. Ekspertyza jest natomiast specjalistycznym badaniem w okre\u015blonej dziedzinie, przeprowadzanym przez ekspert\u00f3w. Oba te poj\u0119cia w praktyce zmierzaj\u0105 do przygotowania przez podmiot posiadaj\u0105cy wiedz\u0119 specjalistyczn\u0105 dokumentu, kt\u00f3ry b\u0119dzie m\u00f3g\u0142 zosta\u0107 wykorzystany w prowadzonej sprawie. Opinia nabiera szczeg\u00f3lnego znaczenia w\u00f3wczas, gdy jest przygotowana przez podmiot&#8230;<\/p>\n","protected":false},"author":1,"featured_media":0,"parent":0,"menu_order":0,"comment_status":"closed","ping_status":"closed","template":"","meta":{"_kad_post_transparent":"","_kad_post_title":"hide","_kad_post_layout":"fullwidth","_kad_post_sidebar_id":"","_kad_post_content_style":"unboxed","_kad_post_vertical_padding":"hide","_kad_post_feature":"hide","_kad_post_feature_position":"","_kad_post_header":false,"_kad_post_footer":false,"footnotes":""},"class_list":["post-1510","page","type-page","status-publish","hentry"],"yoast_head":"<!-- This site is optimized with the Yoast SEO plugin v27.3 - https:\/\/yoast.com\/product\/yoast-seo-wordpress\/ -->\n<title>OPINIOWANIE - detektyw.pl<\/title>\n<meta name=\"robots\" content=\"index, follow, max-snippet:-1, max-image-preview:large, max-video-preview:-1\" \/>\n<link rel=\"canonical\" href=\"https:\/\/detektyw.pl\/index.php\/opiniowanie\/\" \/>\n<meta property=\"og:locale\" content=\"pl_PL\" \/>\n<meta property=\"og:type\" content=\"article\" \/>\n<meta property=\"og:title\" content=\"OPINIOWANIE - detektyw.pl\" \/>\n<meta property=\"og:description\" content=\"OPINIOWANIE Warto zrobi\u0107 opini\u0119 Opinia jest pogl\u0105dem danego podmiotu w okre\u015blonej sprawie. Ekspertyza jest natomiast specjalistycznym badaniem w okre\u015blonej dziedzinie, przeprowadzanym przez ekspert\u00f3w. Oba te poj\u0119cia w praktyce zmierzaj\u0105 do przygotowania przez podmiot posiadaj\u0105cy wiedz\u0119 specjalistyczn\u0105 dokumentu, kt\u00f3ry b\u0119dzie m\u00f3g\u0142 zosta\u0107 wykorzystany w prowadzonej sprawie. Opinia nabiera szczeg\u00f3lnego znaczenia w\u00f3wczas, gdy jest przygotowana przez podmiot...\" \/>\n<meta property=\"og:url\" content=\"https:\/\/detektyw.pl\/index.php\/opiniowanie\/\" \/>\n<meta property=\"og:site_name\" content=\"detektyw.pl\" \/>\n<meta property=\"article:publisher\" content=\"https:\/\/www.facebook.com\/100089700483679\" \/>\n<meta property=\"article:modified_time\" content=\"2023-05-09T11:40:22+00:00\" \/>\n<meta name=\"twitter:card\" content=\"summary_large_image\" \/>\n<meta name=\"twitter:label1\" content=\"Szacowany czas czytania\" \/>\n\t<meta name=\"twitter:data1\" content=\"3 minuty\" \/>\n<script type=\"application\/ld+json\" class=\"yoast-schema-graph\">{\"@context\":\"https:\\\/\\\/schema.org\",\"@graph\":[{\"@type\":\"WebPage\",\"@id\":\"https:\\\/\\\/detektyw.pl\\\/index.php\\\/opiniowanie\\\/\",\"url\":\"https:\\\/\\\/detektyw.pl\\\/index.php\\\/opiniowanie\\\/\",\"name\":\"OPINIOWANIE - detektyw.pl\",\"isPartOf\":{\"@id\":\"https:\\\/\\\/detektyw.pl\\\/#website\"},\"datePublished\":\"2023-05-04T11:16:53+00:00\",\"dateModified\":\"2023-05-09T11:40:22+00:00\",\"breadcrumb\":{\"@id\":\"https:\\\/\\\/detektyw.pl\\\/index.php\\\/opiniowanie\\\/#breadcrumb\"},\"inLanguage\":\"pl-PL\",\"potentialAction\":[{\"@type\":\"ReadAction\",\"target\":[\"https:\\\/\\\/detektyw.pl\\\/index.php\\\/opiniowanie\\\/\"]}]},{\"@type\":\"BreadcrumbList\",\"@id\":\"https:\\\/\\\/detektyw.pl\\\/index.php\\\/opiniowanie\\\/#breadcrumb\",\"itemListElement\":[{\"@type\":\"ListItem\",\"position\":1,\"name\":\"Strona g\u0142\u00f3wna\",\"item\":\"https:\\\/\\\/detektyw.pl\\\/\"},{\"@type\":\"ListItem\",\"position\":2,\"name\":\"OPINIOWANIE\"}]},{\"@type\":\"WebSite\",\"@id\":\"https:\\\/\\\/detektyw.pl\\\/#website\",\"url\":\"https:\\\/\\\/detektyw.pl\\\/\",\"name\":\"detektyw.pl\",\"description\":\"AGENCJA DETEKTYWISTYCZNA I KONSULTINGOWA\",\"publisher\":{\"@id\":\"https:\\\/\\\/detektyw.pl\\\/#organization\"},\"potentialAction\":[{\"@type\":\"SearchAction\",\"target\":{\"@type\":\"EntryPoint\",\"urlTemplate\":\"https:\\\/\\\/detektyw.pl\\\/?s={search_term_string}\"},\"query-input\":{\"@type\":\"PropertyValueSpecification\",\"valueRequired\":true,\"valueName\":\"search_term_string\"}}],\"inLanguage\":\"pl-PL\"},{\"@type\":\"Organization\",\"@id\":\"https:\\\/\\\/detektyw.pl\\\/#organization\",\"name\":\"detektyw.pl\",\"url\":\"https:\\\/\\\/detektyw.pl\\\/\",\"logo\":{\"@type\":\"ImageObject\",\"inLanguage\":\"pl-PL\",\"@id\":\"https:\\\/\\\/detektyw.pl\\\/#\\\/schema\\\/logo\\\/image\\\/\",\"url\":\"https:\\\/\\\/detektyw.pl\\\/wp-content\\\/uploads\\\/2023\\\/04\\\/xlogo.webp\",\"contentUrl\":\"https:\\\/\\\/detektyw.pl\\\/wp-content\\\/uploads\\\/2023\\\/04\\\/xlogo.webp\",\"width\":240,\"height\":79,\"caption\":\"detektyw.pl\"},\"image\":{\"@id\":\"https:\\\/\\\/detektyw.pl\\\/#\\\/schema\\\/logo\\\/image\\\/\"},\"sameAs\":[\"https:\\\/\\\/www.facebook.com\\\/100089700483679\"]}]}<\/script>\n<!-- \/ Yoast SEO plugin. -->","yoast_head_json":{"title":"OPINIOWANIE - detektyw.pl","robots":{"index":"index","follow":"follow","max-snippet":"max-snippet:-1","max-image-preview":"max-image-preview:large","max-video-preview":"max-video-preview:-1"},"canonical":"https:\/\/detektyw.pl\/index.php\/opiniowanie\/","og_locale":"pl_PL","og_type":"article","og_title":"OPINIOWANIE - detektyw.pl","og_description":"OPINIOWANIE Warto zrobi\u0107 opini\u0119 Opinia jest pogl\u0105dem danego podmiotu w okre\u015blonej sprawie. Ekspertyza jest natomiast specjalistycznym badaniem w okre\u015blonej dziedzinie, przeprowadzanym przez ekspert\u00f3w. Oba te poj\u0119cia w praktyce zmierzaj\u0105 do przygotowania przez podmiot posiadaj\u0105cy wiedz\u0119 specjalistyczn\u0105 dokumentu, kt\u00f3ry b\u0119dzie m\u00f3g\u0142 zosta\u0107 wykorzystany w prowadzonej sprawie. Opinia nabiera szczeg\u00f3lnego znaczenia w\u00f3wczas, gdy jest przygotowana przez podmiot...","og_url":"https:\/\/detektyw.pl\/index.php\/opiniowanie\/","og_site_name":"detektyw.pl","article_publisher":"https:\/\/www.facebook.com\/100089700483679","article_modified_time":"2023-05-09T11:40:22+00:00","twitter_card":"summary_large_image","twitter_misc":{"Szacowany czas czytania":"3 minuty"},"schema":{"@context":"https:\/\/schema.org","@graph":[{"@type":"WebPage","@id":"https:\/\/detektyw.pl\/index.php\/opiniowanie\/","url":"https:\/\/detektyw.pl\/index.php\/opiniowanie\/","name":"OPINIOWANIE - detektyw.pl","isPartOf":{"@id":"https:\/\/detektyw.pl\/#website"},"datePublished":"2023-05-04T11:16:53+00:00","dateModified":"2023-05-09T11:40:22+00:00","breadcrumb":{"@id":"https:\/\/detektyw.pl\/index.php\/opiniowanie\/#breadcrumb"},"inLanguage":"pl-PL","potentialAction":[{"@type":"ReadAction","target":["https:\/\/detektyw.pl\/index.php\/opiniowanie\/"]}]},{"@type":"BreadcrumbList","@id":"https:\/\/detektyw.pl\/index.php\/opiniowanie\/#breadcrumb","itemListElement":[{"@type":"ListItem","position":1,"name":"Strona g\u0142\u00f3wna","item":"https:\/\/detektyw.pl\/"},{"@type":"ListItem","position":2,"name":"OPINIOWANIE"}]},{"@type":"WebSite","@id":"https:\/\/detektyw.pl\/#website","url":"https:\/\/detektyw.pl\/","name":"detektyw.pl","description":"AGENCJA DETEKTYWISTYCZNA I KONSULTINGOWA","publisher":{"@id":"https:\/\/detektyw.pl\/#organization"},"potentialAction":[{"@type":"SearchAction","target":{"@type":"EntryPoint","urlTemplate":"https:\/\/detektyw.pl\/?s={search_term_string}"},"query-input":{"@type":"PropertyValueSpecification","valueRequired":true,"valueName":"search_term_string"}}],"inLanguage":"pl-PL"},{"@type":"Organization","@id":"https:\/\/detektyw.pl\/#organization","name":"detektyw.pl","url":"https:\/\/detektyw.pl\/","logo":{"@type":"ImageObject","inLanguage":"pl-PL","@id":"https:\/\/detektyw.pl\/#\/schema\/logo\/image\/","url":"https:\/\/detektyw.pl\/wp-content\/uploads\/2023\/04\/xlogo.webp","contentUrl":"https:\/\/detektyw.pl\/wp-content\/uploads\/2023\/04\/xlogo.webp","width":240,"height":79,"caption":"detektyw.pl"},"image":{"@id":"https:\/\/detektyw.pl\/#\/schema\/logo\/image\/"},"sameAs":["https:\/\/www.facebook.com\/100089700483679"]}]}},"_links":{"self":[{"href":"https:\/\/detektyw.pl\/index.php\/wp-json\/wp\/v2\/pages\/1510","targetHints":{"allow":["GET"]}}],"collection":[{"href":"https:\/\/detektyw.pl\/index.php\/wp-json\/wp\/v2\/pages"}],"about":[{"href":"https:\/\/detektyw.pl\/index.php\/wp-json\/wp\/v2\/types\/page"}],"author":[{"embeddable":true,"href":"https:\/\/detektyw.pl\/index.php\/wp-json\/wp\/v2\/users\/1"}],"replies":[{"embeddable":true,"href":"https:\/\/detektyw.pl\/index.php\/wp-json\/wp\/v2\/comments?post=1510"}],"version-history":[{"count":40,"href":"https:\/\/detektyw.pl\/index.php\/wp-json\/wp\/v2\/pages\/1510\/revisions"}],"predecessor-version":[{"id":2562,"href":"https:\/\/detektyw.pl\/index.php\/wp-json\/wp\/v2\/pages\/1510\/revisions\/2562"}],"wp:attachment":[{"href":"https:\/\/detektyw.pl\/index.php\/wp-json\/wp\/v2\/media?parent=1510"}],"curies":[{"name":"wp","href":"https:\/\/api.w.org\/{rel}","templated":true}]}}