{"id":1505,"date":"2023-05-04T13:15:49","date_gmt":"2023-05-04T11:15:49","guid":{"rendered":"https:\/\/detektyw.pl\/?page_id=1505"},"modified":"2023-05-09T13:39:57","modified_gmt":"2023-05-09T11:39:57","slug":"reportaze","status":"publish","type":"page","link":"https:\/\/detektyw.pl\/index.php\/reportaze\/","title":{"rendered":"REPORTA\u017bE"},"content":{"rendered":"\t\t<div data-elementor-type=\"wp-page\" data-elementor-id=\"1505\" class=\"elementor elementor-1505\" data-elementor-post-type=\"page\">\n\t\t\t\t\t\t<section class=\"elementor-section elementor-top-section elementor-element elementor-element-931d55b elementor-section-boxed elementor-section-height-default elementor-section-height-default\" data-id=\"931d55b\" data-element_type=\"section\" data-e-type=\"section\" data-settings=\"{&quot;background_background&quot;:&quot;slideshow&quot;,&quot;background_slideshow_gallery&quot;:[{&quot;id&quot;:1924,&quot;url&quot;:&quot;http:\\\/\\\/detektyw.pl\\\/wp-content\\\/uploads\\\/2023\\\/05\\\/iStock-1137593845.jpg&quot;}],&quot;background_slideshow_loop&quot;:&quot;yes&quot;,&quot;background_slideshow_slide_duration&quot;:5000,&quot;background_slideshow_slide_transition&quot;:&quot;fade&quot;,&quot;background_slideshow_transition_duration&quot;:500}\">\n\t\t\t\t\t\t<div class=\"elementor-container elementor-column-gap-default\">\n\t\t\t\t\t<div class=\"elementor-column elementor-col-100 elementor-top-column elementor-element elementor-element-4dc8242\" data-id=\"4dc8242\" data-element_type=\"column\" data-e-type=\"column\">\n\t\t\t<div class=\"elementor-widget-wrap elementor-element-populated\">\n\t\t\t\t\t\t<div class=\"elementor-element elementor-element-53dc322 elementor-widget elementor-widget-heading\" data-id=\"53dc322\" data-element_type=\"widget\" data-e-type=\"widget\" data-widget_type=\"heading.default\">\n\t\t\t\t<div class=\"elementor-widget-container\">\n\t\t\t\t\t<h1 class=\"elementor-heading-title elementor-size-default\">REPORTA\u017bE<\/h1>\t\t\t\t<\/div>\n\t\t\t\t<\/div>\n\t\t\t\t\t<\/div>\n\t\t<\/div>\n\t\t\t\t\t<\/div>\n\t\t<\/section>\n\t\t\t\t<section class=\"elementor-section elementor-top-section elementor-element elementor-element-b21ecaa elementor-section-content-middle elementor-section-boxed elementor-section-height-default elementor-section-height-default\" data-id=\"b21ecaa\" data-element_type=\"section\" data-e-type=\"section\" data-settings=\"{&quot;background_background&quot;:&quot;classic&quot;,&quot;shape_divider_top&quot;:&quot;tilt&quot;,&quot;shape_divider_bottom&quot;:&quot;tilt&quot;}\">\n\t\t\t\t\t<div class=\"elementor-shape elementor-shape-top\" aria-hidden=\"true\" data-negative=\"false\">\n\t\t\t<svg xmlns=\"http:\/\/www.w3.org\/2000\/svg\" viewBox=\"0 0 1000 100\" preserveAspectRatio=\"none\">\n\t<path class=\"elementor-shape-fill\" d=\"M0,6V0h1000v100L0,6z\"\/>\n<\/svg>\t\t<\/div>\n\t\t\t\t<div class=\"elementor-shape elementor-shape-bottom\" aria-hidden=\"true\" data-negative=\"false\">\n\t\t\t<svg xmlns=\"http:\/\/www.w3.org\/2000\/svg\" viewBox=\"0 0 1000 100\" preserveAspectRatio=\"none\">\n\t<path class=\"elementor-shape-fill\" d=\"M0,6V0h1000v100L0,6z\"\/>\n<\/svg>\t\t<\/div>\n\t\t\t\t\t<div class=\"elementor-container elementor-column-gap-default\">\n\t\t\t\t\t<div class=\"elementor-column elementor-col-100 elementor-top-column elementor-element elementor-element-282bd92\" data-id=\"282bd92\" data-element_type=\"column\" data-e-type=\"column\">\n\t\t\t<div class=\"elementor-widget-wrap elementor-element-populated\">\n\t\t\t\t\t\t<div class=\"elementor-element elementor-element-e5ba580 elementor-widget elementor-widget-heading\" data-id=\"e5ba580\" data-element_type=\"widget\" data-e-type=\"widget\" data-widget_type=\"heading.default\">\n\t\t\t\t<div class=\"elementor-widget-container\">\n\t\t\t\t\t<h2 class=\"elementor-heading-title elementor-size-default\"><strong>W czym mo\u017ce Ci pom\u00f3c reporta\u017c<\/strong><\/h2>\t\t\t\t<\/div>\n\t\t\t\t<\/div>\n\t\t\t\t<div class=\"elementor-element elementor-element-f04d46d elementor-widget elementor-widget-text-editor\" data-id=\"f04d46d\" data-element_type=\"widget\" data-e-type=\"widget\" data-widget_type=\"text-editor.default\">\n\t\t\t\t<div class=\"elementor-widget-container\">\n\t\t\t\t\t\t\t\t\t<p>Reporta\u017c mo\u017cna najog\u00f3lniej opisa\u0107 jako rodzaj sprawozdania czy te\u017c relacj\u0119 z jakich\u015b wypadk\u00f3w, kt\u00f3rych uczestnikiem by\u0142 jego bohater. Zawsze opiera si\u0119 na bezpo\u015brednio zebranych w tym celu, autentycznych materia\u0142ach, do kt\u00f3rych nale\u017c\u0105 w szczeg\u00f3lno\u015bci wyniki obserwacji, specjalistyczne opinie czy inne wiarygodne dowody. Forma ta, jakkolwiek ma cechy zwyk\u0142ej relacji z autentycznych wydarze\u0144, jest pr\u00f3b\u0105 interpretacji przedstawionych zjawisk.<\/p><p>Tak jak powierzone nam sprawy detektywistyczne maj\u0105 r\u00f3\u017cn\u0105 tematyk\u0119, tak i oferowany przez nas reporta\u017c mo\u017ce zosta\u0107 przygotowany z ka\u017cdej z powierzonych nam spraw. W szczeg\u00f3lno\u015bci za\u015b mo\u017ce on zosta\u0107 wykonany w sprawach, w kt\u00f3rych materia\u0142 z przeprowadzonych czynno\u015bci zosta\u0142 zabezpieczony za pomoc\u0105 dokumentacji fotograficznej b\u0105d\u017a filmowej. Proponowane przez nas reporta\u017ce, s\u0105 realizowane przez osoby powi\u0105zane z mediami, trudni\u0105ce si\u0119 tego rodzaju dzia\u0142alno\u015bci\u0105 w codziennym \u017cyciu i pracy.<\/p><p>Ka\u017cdy z przygotowywanych przez Agencj\u0119 reporta\u017cy, cechuj\u0105 og\u00f3lnie przyj\u0119te zasady jego realizacji:<\/p><ol><li>Odnosi si\u0119 on do tego co widzia\u0142, s\u0142ysza\u0142 lub prze\u017cy\u0142 zleceniodawca, b\u0105d\u017a te\u017c do sprawy, kt\u00f3rej stan faktyczny przedstawi\u0142.<\/li><li>Informuje odbiorc\u0119 o\u00a0miejscu i czasie przedstawionych wydarze\u0144.<\/li><li>Przy\u015bwieca mu okre\u015blony cel, jak cho\u0107by ch\u0119\u0107 szerszego przedstawienia szerszemu gronu os\u00f3b, dlaczego zleceniodawca chcia\u0142 pokaza\u0107\u00a0w\u0142a\u015bnie realizowane wydarzenia czy sytuacje \u2013 co w nich by\u0142o ciekawego, nietypowego, jakie refleksje wywo\u0142a\u0142y czy mia\u0142y wywo\u0142a\u0107 albo te\u017c jak\u0105 maj\u0105 by\u0107 przestrog\u0105 dla ich odbiorc\u00f3w.<\/li><li>M\u00f3wi o osobach uczestnicz\u0105cych\u00a0w przedstawionych sytuacjach, ich reakcjach, zachowaniach, wypowiedziach czy dalszych losach.<\/li><li>K\u0142adzie szczeg\u00f3lny nacisk na\u00a0fakty i momenty najwa\u017cniejsze dla zleceniodawcy, dzi\u0119ki czemu pozwoli wp\u0142yn\u0105\u0107 na emocje adresat\u00f3w.<\/li><li>Istnieje mo\u017cliwo\u015b\u0107 umieszczania w reporta\u017cu fragment\u00f3w dialogowych, poprzez przytaczanie wypowiedzi zleceniodawcy czy te\u017c uczestnik\u00f3w pokazywanych wydarze\u0144. To pozwala zdynamizowa\u0107 spraw\u0119 zleceniodawcy i mo\u017ce pom\u00f3c zaciekawi\u0107 potencjalnego odbiorc\u0119.<\/li><li>Ze wzgl\u0119du na fachowo\u015b\u0107 przygotowuj\u0105cych go os\u00f3b zostanie zrealizowany profesjonalnie, z zastosowaniem bogatych \u015brodk\u00f3w wyrazu, kt\u00f3rymi zostan\u0105 w najodpowiedniejszy spos\u00f3b przedstawione materia\u0142y przygotowane przez Agencj\u0119.<\/li><\/ol><p>Z uwagi na to, \u017ce klient zlecaj\u0105cy Agencji przygotowanie reporta\u017cu pokazuje, \u017ce sprawa ma dla niego szczeg\u00f3lne znaczenie, na jego \u017cyczenie istnieje mo\u017cliwo\u015b\u0107 publikacji tego materia\u0142u, na uzgodnionych wcze\u015bniej kana\u0142ach.<\/p><p>\u00a0<\/p>\t\t\t\t\t\t\t\t<\/div>\n\t\t\t\t<\/div>\n\t\t\t\t\t<\/div>\n\t\t<\/div>\n\t\t\t\t\t<\/div>\n\t\t<\/section>\n\t\t\t\t<section class=\"elementor-section elementor-top-section elementor-element elementor-element-6a238eb7 elementor-section-boxed elementor-section-height-default elementor-section-height-default\" data-id=\"6a238eb7\" data-element_type=\"section\" data-e-type=\"section\" data-settings=\"{&quot;background_background&quot;:&quot;classic&quot;,&quot;shape_divider_top&quot;:&quot;tilt&quot;,&quot;shape_divider_bottom&quot;:&quot;tilt&quot;}\">\n\t\t\t\t\t<div class=\"elementor-shape elementor-shape-top\" aria-hidden=\"true\" data-negative=\"false\">\n\t\t\t<svg xmlns=\"http:\/\/www.w3.org\/2000\/svg\" viewBox=\"0 0 1000 100\" preserveAspectRatio=\"none\">\n\t<path class=\"elementor-shape-fill\" d=\"M0,6V0h1000v100L0,6z\"\/>\n<\/svg>\t\t<\/div>\n\t\t\t\t<div class=\"elementor-shape elementor-shape-bottom\" aria-hidden=\"true\" data-negative=\"false\">\n\t\t\t<svg xmlns=\"http:\/\/www.w3.org\/2000\/svg\" viewBox=\"0 0 1000 100\" preserveAspectRatio=\"none\">\n\t<path class=\"elementor-shape-fill\" d=\"M0,6V0h1000v100L0,6z\"\/>\n<\/svg>\t\t<\/div>\n\t\t\t\t\t<div class=\"elementor-container elementor-column-gap-default\">\n\t\t\t\t\t<div class=\"elementor-column elementor-col-100 elementor-top-column elementor-element elementor-element-1d684729\" data-id=\"1d684729\" data-element_type=\"column\" data-e-type=\"column\">\n\t\t\t<div class=\"elementor-widget-wrap elementor-element-populated\">\n\t\t\t\t\t\t<section class=\"elementor-section elementor-inner-section elementor-element elementor-element-3f2c02f6 elementor-section-boxed elementor-section-height-default elementor-section-height-default\" data-id=\"3f2c02f6\" data-element_type=\"section\" data-e-type=\"section\" data-settings=\"{&quot;background_background&quot;:&quot;classic&quot;}\">\n\t\t\t\t\t\t<div class=\"elementor-container elementor-column-gap-default\">\n\t\t\t\t\t<div class=\"elementor-column elementor-col-33 elementor-inner-column elementor-element elementor-element-701c8477\" data-id=\"701c8477\" data-element_type=\"column\" data-e-type=\"column\">\n\t\t\t<div class=\"elementor-widget-wrap elementor-element-populated\">\n\t\t\t\t\t\t<div class=\"elementor-element elementor-element-715bc215 elementor-view-stacked elementor-shape-circle elementor-position-block-start elementor-mobile-position-block-start elementor-widget elementor-widget-icon-box\" data-id=\"715bc215\" data-element_type=\"widget\" data-e-type=\"widget\" data-widget_type=\"icon-box.default\">\n\t\t\t\t<div class=\"elementor-widget-container\">\n\t\t\t\t\t\t\t<div class=\"elementor-icon-box-wrapper\">\n\n\t\t\t\t\t\t<div class=\"elementor-icon-box-icon\">\n\t\t\t\t<span  class=\"elementor-icon\">\n\t\t\t\t<i aria-hidden=\"true\" class=\"far fa-bell\"><\/i>\t\t\t\t<\/span>\n\t\t\t<\/div>\n\t\t\t\n\t\t\t\t\t\t<div class=\"elementor-icon-box-content\">\n\n\t\t\t\t\t\t\t\t\t<h4 class=\"elementor-icon-box-title\">\n\t\t\t\t\t\t<span  >\n\t\t\t\t\t\t\tNie zwlekaj\t\t\t\t\t\t<\/span>\n\t\t\t\t\t<\/h4>\n\t\t\t\t\n\t\t\t\t\t\t\t\t\t<p class=\"elementor-icon-box-description\">\n\t\t\t\t\t\tczas ucieka \t\t\t\t\t<\/p>\n\t\t\t\t\n\t\t\t<\/div>\n\t\t\t\n\t\t<\/div>\n\t\t\t\t\t\t<\/div>\n\t\t\t\t<\/div>\n\t\t\t\t\t<\/div>\n\t\t<\/div>\n\t\t\t\t<div class=\"elementor-column elementor-col-33 elementor-inner-column elementor-element elementor-element-4e4f7aa6\" data-id=\"4e4f7aa6\" data-element_type=\"column\" data-e-type=\"column\">\n\t\t\t<div class=\"elementor-widget-wrap elementor-element-populated\">\n\t\t\t\t\t\t<div class=\"elementor-element elementor-element-456633ed elementor-view-stacked elementor-shape-circle elementor-position-block-start elementor-mobile-position-block-start elementor-widget elementor-widget-icon-box\" data-id=\"456633ed\" data-element_type=\"widget\" data-e-type=\"widget\" data-widget_type=\"icon-box.default\">\n\t\t\t\t<div class=\"elementor-widget-container\">\n\t\t\t\t\t\t\t<div class=\"elementor-icon-box-wrapper\">\n\n\t\t\t\t\t\t<div class=\"elementor-icon-box-icon\">\n\t\t\t\t<span  class=\"elementor-icon\">\n\t\t\t\t<i aria-hidden=\"true\" class=\"far fa-newspaper\"><\/i>\t\t\t\t<\/span>\n\t\t\t<\/div>\n\t\t\t\n\t\t\t\t\t\t<div class=\"elementor-icon-box-content\">\n\n\t\t\t\t\t\t\t\t\t<h4 class=\"elementor-icon-box-title\">\n\t\t\t\t\t\t<span  >\n\t\t\t\t\t\t\tInformacja\t\t\t\t\t\t<\/span>\n\t\t\t\t\t<\/h4>\n\t\t\t\t\n\t\t\t\t\t\t\t\t\t<p class=\"elementor-icon-box-description\">\n\t\t\t\t\t\tzachowaj wszelkie informacje\t\t\t\t\t<\/p>\n\t\t\t\t\n\t\t\t<\/div>\n\t\t\t\n\t\t<\/div>\n\t\t\t\t\t\t<\/div>\n\t\t\t\t<\/div>\n\t\t\t\t\t<\/div>\n\t\t<\/div>\n\t\t\t\t<div class=\"elementor-column elementor-col-33 elementor-inner-column elementor-element elementor-element-68933848\" data-id=\"68933848\" data-element_type=\"column\" data-e-type=\"column\">\n\t\t\t<div class=\"elementor-widget-wrap elementor-element-populated\">\n\t\t\t\t\t\t<div class=\"elementor-element elementor-element-7222b3a elementor-view-stacked elementor-shape-circle elementor-position-block-start elementor-mobile-position-block-start elementor-widget elementor-widget-icon-box\" data-id=\"7222b3a\" data-element_type=\"widget\" data-e-type=\"widget\" data-widget_type=\"icon-box.default\">\n\t\t\t\t<div class=\"elementor-widget-container\">\n\t\t\t\t\t\t\t<div class=\"elementor-icon-box-wrapper\">\n\n\t\t\t\t\t\t<div class=\"elementor-icon-box-icon\">\n\t\t\t\t<span  class=\"elementor-icon\">\n\t\t\t\t<i aria-hidden=\"true\" class=\"far fa-money-bill-alt\"><\/i>\t\t\t\t<\/span>\n\t\t\t<\/div>\n\t\t\t\n\t\t\t\t\t\t<div class=\"elementor-icon-box-content\">\n\n\t\t\t\t\t\t\t\t\t<h4 class=\"elementor-icon-box-title\">\n\t\t\t\t\t\t<span  >\n\t\t\t\t\t\t\tOszcz\u0119dzaj\t\t\t\t\t\t<\/span>\n\t\t\t\t\t<\/h4>\n\t\t\t\t\n\t\t\t\t\t\t\t\t\t<p class=\"elementor-icon-box-description\">\n\t\t\t\t\t\tczas to pieni\u0105dz\t\t\t\t\t<\/p>\n\t\t\t\t\n\t\t\t<\/div>\n\t\t\t\n\t\t<\/div>\n\t\t\t\t\t\t<\/div>\n\t\t\t\t<\/div>\n\t\t\t\t\t<\/div>\n\t\t<\/div>\n\t\t\t\t\t<\/div>\n\t\t<\/section>\n\t\t\t\t\t<\/div>\n\t\t<\/div>\n\t\t\t\t\t<\/div>\n\t\t<\/section>\n\t\t\t\t<section class=\"elementor-section elementor-top-section elementor-element elementor-element-534946cf elementor-section-boxed elementor-section-height-default elementor-section-height-default\" data-id=\"534946cf\" data-element_type=\"section\" data-e-type=\"section\" data-settings=\"{&quot;background_background&quot;:&quot;classic&quot;,&quot;shape_divider_top&quot;:&quot;tilt&quot;}\">\n\t\t\t\t\t<div class=\"elementor-shape elementor-shape-top\" aria-hidden=\"true\" data-negative=\"false\">\n\t\t\t<svg xmlns=\"http:\/\/www.w3.org\/2000\/svg\" viewBox=\"0 0 1000 100\" preserveAspectRatio=\"none\">\n\t<path class=\"elementor-shape-fill\" d=\"M0,6V0h1000v100L0,6z\"\/>\n<\/svg>\t\t<\/div>\n\t\t\t\t\t<div class=\"elementor-container elementor-column-gap-default\">\n\t\t\t\t\t<div class=\"elementor-column elementor-col-100 elementor-top-column elementor-element elementor-element-716983d8\" data-id=\"716983d8\" data-element_type=\"column\" data-e-type=\"column\">\n\t\t\t<div class=\"elementor-widget-wrap elementor-element-populated\">\n\t\t\t\t\t\t<div class=\"elementor-element elementor-element-4ce6704e elementor-widget elementor-widget-heading\" data-id=\"4ce6704e\" data-element_type=\"widget\" data-e-type=\"widget\" data-widget_type=\"heading.default\">\n\t\t\t\t<div class=\"elementor-widget-container\">\n\t\t\t\t\t<h2 class=\"elementor-heading-title elementor-size-default\">Najwa\u017cniejszy dla nas jest Klient<\/h2>\t\t\t\t<\/div>\n\t\t\t\t<\/div>\n\t\t\t\t<div class=\"elementor-element elementor-element-7247534e elementor-widget elementor-widget-text-editor\" data-id=\"7247534e\" data-element_type=\"widget\" data-e-type=\"widget\" data-widget_type=\"text-editor.default\">\n\t\t\t\t<div class=\"elementor-widget-container\">\n\t\t\t\t\t\t\t\t\t<p>nie zwlekaj skontaktuj si\u0119 ju\u017c teraz<\/p>\t\t\t\t\t\t\t\t<\/div>\n\t\t\t\t<\/div>\n\t\t\t\t<div class=\"elementor-element elementor-element-36e7edb5 elementor-align-center elementor-widget elementor-widget-button\" data-id=\"36e7edb5\" data-element_type=\"widget\" data-e-type=\"widget\" data-widget_type=\"button.default\">\n\t\t\t\t<div class=\"elementor-widget-container\">\n\t\t\t\t\t\t\t\t\t<div class=\"elementor-button-wrapper\">\n\t\t\t\t\t<a class=\"elementor-button elementor-button-link elementor-size-sm\" href=\"tel:+48512713714\">\n\t\t\t\t\t\t<span class=\"elementor-button-content-wrapper\">\n\t\t\t\t\t\t\t\t\t<span class=\"elementor-button-text\">ZADZWO\u0143<\/span>\n\t\t\t\t\t<\/span>\n\t\t\t\t\t<\/a>\n\t\t\t\t<\/div>\n\t\t\t\t\t\t\t\t<\/div>\n\t\t\t\t<\/div>\n\t\t\t\t\t<\/div>\n\t\t<\/div>\n\t\t\t\t\t<\/div>\n\t\t<\/section>\n\t\t\t\t<\/div>\n\t\t","protected":false},"excerpt":{"rendered":"<p>REPORTA\u017bE W czym mo\u017ce Ci pom\u00f3c reporta\u017c Reporta\u017c mo\u017cna najog\u00f3lniej opisa\u0107 jako rodzaj sprawozdania czy te\u017c relacj\u0119 z jakich\u015b wypadk\u00f3w, kt\u00f3rych uczestnikiem by\u0142 jego bohater. Zawsze opiera si\u0119 na bezpo\u015brednio zebranych w tym celu, autentycznych materia\u0142ach, do kt\u00f3rych nale\u017c\u0105 w szczeg\u00f3lno\u015bci wyniki obserwacji, specjalistyczne opinie czy inne wiarygodne dowody. Forma ta, jakkolwiek ma cechy zwyk\u0142ej&#8230;<\/p>\n","protected":false},"author":1,"featured_media":0,"parent":0,"menu_order":0,"comment_status":"closed","ping_status":"closed","template":"","meta":{"_kad_post_transparent":"","_kad_post_title":"hide","_kad_post_layout":"fullwidth","_kad_post_sidebar_id":"","_kad_post_content_style":"unboxed","_kad_post_vertical_padding":"hide","_kad_post_feature":"hide","_kad_post_feature_position":"","_kad_post_header":false,"_kad_post_footer":false,"footnotes":""},"class_list":["post-1505","page","type-page","status-publish","hentry"],"yoast_head":"<!-- This site is optimized with the Yoast SEO plugin v27.5 - https:\/\/yoast.com\/product\/yoast-seo-wordpress\/ -->\n<title>REPORTA\u017bE - detektyw.pl<\/title>\n<meta name=\"robots\" content=\"index, follow, max-snippet:-1, max-image-preview:large, max-video-preview:-1\" \/>\n<link rel=\"canonical\" href=\"https:\/\/detektyw.pl\/index.php\/reportaze\/\" \/>\n<meta property=\"og:locale\" content=\"pl_PL\" \/>\n<meta property=\"og:type\" content=\"article\" \/>\n<meta property=\"og:title\" content=\"REPORTA\u017bE - detektyw.pl\" \/>\n<meta property=\"og:description\" content=\"REPORTA\u017bE W czym mo\u017ce Ci pom\u00f3c reporta\u017c Reporta\u017c mo\u017cna najog\u00f3lniej opisa\u0107 jako rodzaj sprawozdania czy te\u017c relacj\u0119 z jakich\u015b wypadk\u00f3w, kt\u00f3rych uczestnikiem by\u0142 jego bohater. Zawsze opiera si\u0119 na bezpo\u015brednio zebranych w tym celu, autentycznych materia\u0142ach, do kt\u00f3rych nale\u017c\u0105 w szczeg\u00f3lno\u015bci wyniki obserwacji, specjalistyczne opinie czy inne wiarygodne dowody. Forma ta, jakkolwiek ma cechy zwyk\u0142ej...\" \/>\n<meta property=\"og:url\" content=\"https:\/\/detektyw.pl\/index.php\/reportaze\/\" \/>\n<meta property=\"og:site_name\" content=\"detektyw.pl\" \/>\n<meta property=\"article:publisher\" content=\"https:\/\/www.facebook.com\/100089700483679\" \/>\n<meta property=\"article:modified_time\" content=\"2023-05-09T11:39:57+00:00\" \/>\n<meta name=\"twitter:card\" content=\"summary_large_image\" \/>\n<meta name=\"twitter:label1\" content=\"Szacowany czas czytania\" \/>\n\t<meta name=\"twitter:data1\" content=\"2 minuty\" \/>\n<script type=\"application\/ld+json\" class=\"yoast-schema-graph\">{\"@context\":\"https:\\\/\\\/schema.org\",\"@graph\":[{\"@type\":\"WebPage\",\"@id\":\"https:\\\/\\\/detektyw.pl\\\/index.php\\\/reportaze\\\/\",\"url\":\"https:\\\/\\\/detektyw.pl\\\/index.php\\\/reportaze\\\/\",\"name\":\"REPORTA\u017bE - detektyw.pl\",\"isPartOf\":{\"@id\":\"https:\\\/\\\/detektyw.pl\\\/#website\"},\"datePublished\":\"2023-05-04T11:15:49+00:00\",\"dateModified\":\"2023-05-09T11:39:57+00:00\",\"breadcrumb\":{\"@id\":\"https:\\\/\\\/detektyw.pl\\\/index.php\\\/reportaze\\\/#breadcrumb\"},\"inLanguage\":\"pl-PL\",\"potentialAction\":[{\"@type\":\"ReadAction\",\"target\":[\"https:\\\/\\\/detektyw.pl\\\/index.php\\\/reportaze\\\/\"]}]},{\"@type\":\"BreadcrumbList\",\"@id\":\"https:\\\/\\\/detektyw.pl\\\/index.php\\\/reportaze\\\/#breadcrumb\",\"itemListElement\":[{\"@type\":\"ListItem\",\"position\":1,\"name\":\"Strona g\u0142\u00f3wna\",\"item\":\"https:\\\/\\\/detektyw.pl\\\/\"},{\"@type\":\"ListItem\",\"position\":2,\"name\":\"REPORTA\u017bE\"}]},{\"@type\":\"WebSite\",\"@id\":\"https:\\\/\\\/detektyw.pl\\\/#website\",\"url\":\"https:\\\/\\\/detektyw.pl\\\/\",\"name\":\"detektyw.pl\",\"description\":\"AGENCJA DETEKTYWISTYCZNA I KONSULTINGOWA\",\"publisher\":{\"@id\":\"https:\\\/\\\/detektyw.pl\\\/#organization\"},\"potentialAction\":[{\"@type\":\"SearchAction\",\"target\":{\"@type\":\"EntryPoint\",\"urlTemplate\":\"https:\\\/\\\/detektyw.pl\\\/?s={search_term_string}\"},\"query-input\":{\"@type\":\"PropertyValueSpecification\",\"valueRequired\":true,\"valueName\":\"search_term_string\"}}],\"inLanguage\":\"pl-PL\"},{\"@type\":\"Organization\",\"@id\":\"https:\\\/\\\/detektyw.pl\\\/#organization\",\"name\":\"detektyw.pl\",\"url\":\"https:\\\/\\\/detektyw.pl\\\/\",\"logo\":{\"@type\":\"ImageObject\",\"inLanguage\":\"pl-PL\",\"@id\":\"https:\\\/\\\/detektyw.pl\\\/#\\\/schema\\\/logo\\\/image\\\/\",\"url\":\"https:\\\/\\\/detektyw.pl\\\/wp-content\\\/uploads\\\/2023\\\/04\\\/xlogo.webp\",\"contentUrl\":\"https:\\\/\\\/detektyw.pl\\\/wp-content\\\/uploads\\\/2023\\\/04\\\/xlogo.webp\",\"width\":240,\"height\":79,\"caption\":\"detektyw.pl\"},\"image\":{\"@id\":\"https:\\\/\\\/detektyw.pl\\\/#\\\/schema\\\/logo\\\/image\\\/\"},\"sameAs\":[\"https:\\\/\\\/www.facebook.com\\\/100089700483679\"]}]}<\/script>\n<!-- \/ Yoast SEO plugin. -->","yoast_head_json":{"title":"REPORTA\u017bE - detektyw.pl","robots":{"index":"index","follow":"follow","max-snippet":"max-snippet:-1","max-image-preview":"max-image-preview:large","max-video-preview":"max-video-preview:-1"},"canonical":"https:\/\/detektyw.pl\/index.php\/reportaze\/","og_locale":"pl_PL","og_type":"article","og_title":"REPORTA\u017bE - detektyw.pl","og_description":"REPORTA\u017bE W czym mo\u017ce Ci pom\u00f3c reporta\u017c Reporta\u017c mo\u017cna najog\u00f3lniej opisa\u0107 jako rodzaj sprawozdania czy te\u017c relacj\u0119 z jakich\u015b wypadk\u00f3w, kt\u00f3rych uczestnikiem by\u0142 jego bohater. Zawsze opiera si\u0119 na bezpo\u015brednio zebranych w tym celu, autentycznych materia\u0142ach, do kt\u00f3rych nale\u017c\u0105 w szczeg\u00f3lno\u015bci wyniki obserwacji, specjalistyczne opinie czy inne wiarygodne dowody. Forma ta, jakkolwiek ma cechy zwyk\u0142ej...","og_url":"https:\/\/detektyw.pl\/index.php\/reportaze\/","og_site_name":"detektyw.pl","article_publisher":"https:\/\/www.facebook.com\/100089700483679","article_modified_time":"2023-05-09T11:39:57+00:00","twitter_card":"summary_large_image","twitter_misc":{"Szacowany czas czytania":"2 minuty"},"schema":{"@context":"https:\/\/schema.org","@graph":[{"@type":"WebPage","@id":"https:\/\/detektyw.pl\/index.php\/reportaze\/","url":"https:\/\/detektyw.pl\/index.php\/reportaze\/","name":"REPORTA\u017bE - detektyw.pl","isPartOf":{"@id":"https:\/\/detektyw.pl\/#website"},"datePublished":"2023-05-04T11:15:49+00:00","dateModified":"2023-05-09T11:39:57+00:00","breadcrumb":{"@id":"https:\/\/detektyw.pl\/index.php\/reportaze\/#breadcrumb"},"inLanguage":"pl-PL","potentialAction":[{"@type":"ReadAction","target":["https:\/\/detektyw.pl\/index.php\/reportaze\/"]}]},{"@type":"BreadcrumbList","@id":"https:\/\/detektyw.pl\/index.php\/reportaze\/#breadcrumb","itemListElement":[{"@type":"ListItem","position":1,"name":"Strona g\u0142\u00f3wna","item":"https:\/\/detektyw.pl\/"},{"@type":"ListItem","position":2,"name":"REPORTA\u017bE"}]},{"@type":"WebSite","@id":"https:\/\/detektyw.pl\/#website","url":"https:\/\/detektyw.pl\/","name":"detektyw.pl","description":"AGENCJA DETEKTYWISTYCZNA I KONSULTINGOWA","publisher":{"@id":"https:\/\/detektyw.pl\/#organization"},"potentialAction":[{"@type":"SearchAction","target":{"@type":"EntryPoint","urlTemplate":"https:\/\/detektyw.pl\/?s={search_term_string}"},"query-input":{"@type":"PropertyValueSpecification","valueRequired":true,"valueName":"search_term_string"}}],"inLanguage":"pl-PL"},{"@type":"Organization","@id":"https:\/\/detektyw.pl\/#organization","name":"detektyw.pl","url":"https:\/\/detektyw.pl\/","logo":{"@type":"ImageObject","inLanguage":"pl-PL","@id":"https:\/\/detektyw.pl\/#\/schema\/logo\/image\/","url":"https:\/\/detektyw.pl\/wp-content\/uploads\/2023\/04\/xlogo.webp","contentUrl":"https:\/\/detektyw.pl\/wp-content\/uploads\/2023\/04\/xlogo.webp","width":240,"height":79,"caption":"detektyw.pl"},"image":{"@id":"https:\/\/detektyw.pl\/#\/schema\/logo\/image\/"},"sameAs":["https:\/\/www.facebook.com\/100089700483679"]}]}},"_links":{"self":[{"href":"https:\/\/detektyw.pl\/index.php\/wp-json\/wp\/v2\/pages\/1505","targetHints":{"allow":["GET"]}}],"collection":[{"href":"https:\/\/detektyw.pl\/index.php\/wp-json\/wp\/v2\/pages"}],"about":[{"href":"https:\/\/detektyw.pl\/index.php\/wp-json\/wp\/v2\/types\/page"}],"author":[{"embeddable":true,"href":"https:\/\/detektyw.pl\/index.php\/wp-json\/wp\/v2\/users\/1"}],"replies":[{"embeddable":true,"href":"https:\/\/detektyw.pl\/index.php\/wp-json\/wp\/v2\/comments?post=1505"}],"version-history":[{"count":46,"href":"https:\/\/detektyw.pl\/index.php\/wp-json\/wp\/v2\/pages\/1505\/revisions"}],"predecessor-version":[{"id":2559,"href":"https:\/\/detektyw.pl\/index.php\/wp-json\/wp\/v2\/pages\/1505\/revisions\/2559"}],"wp:attachment":[{"href":"https:\/\/detektyw.pl\/index.php\/wp-json\/wp\/v2\/media?parent=1505"}],"curies":[{"name":"wp","href":"https:\/\/api.w.org\/{rel}","templated":true}]}}